{"id":95,"date":"2023-12-13T18:46:36","date_gmt":"2023-12-13T17:46:36","guid":{"rendered":"https:\/\/meunier-geometre-expert.fr\/?page_id=95"},"modified":"2023-12-25T09:21:18","modified_gmt":"2023-12-25T08:21:18","slug":"division-de-propriete-et-urbanisme","status":"publish","type":"page","link":"https:\/\/meunier-geometre-expert.fr\/index.php\/division-de-propriete-et-urbanisme\/","title":{"rendered":"Division de propri\u00e9t\u00e9 et urbanisme"},"content":{"rendered":"\n<p>Lorsque vous envisagez de vous s\u00e9parer d&rsquo;une partie de votre propri\u00e9t\u00e9 dans le cadre d&rsquo;une vente ou d&rsquo;une donation, il est n\u00e9cessaire de proc\u00e9der \u00e0 la division de votre propri\u00e9t\u00e9 et du parcellaire cadastral.<\/p>\n\n\n\n<p><strong>Cette op\u00e9ration qui n\u00e9cessite l&rsquo;intervention d&rsquo;un g\u00e9om\u00e8tre-expert, se d\u00e9roule sur la base de votre projet par : <\/strong><\/p>\n\n\n\n<ul class=\"wp-block-list\">\n<li>L&rsquo;\u00e9tablissement d&rsquo;un document d&rsquo;arpentage pour modifier le parcellaire cadastral<\/li>\n\n\n\n<li>La mat\u00e9rialisation des nouvelles limites du terrain<\/li>\n\n\n\n<li>Un <a href=\"https:\/\/meunier-geometre-expert.fr\/index.php\/bornage-et-division\/\">bornage amiable<\/a> et contradictoire lorsque la division s&rsquo;appuie sur les limites de propri\u00e9t\u00e9s<\/li>\n\n\n\n<li>L&rsquo;\u00e9tablissement d&rsquo;un plan de division<\/li>\n<\/ul>\n\n\n\n<p>Lorsque cette division est r\u00e9alis\u00e9e pour cr\u00e9er <strong>une ou plusieurs parcelles<\/strong> \u00e0 b\u00e2tir ou pour certains <strong>am\u00e9nagements sp\u00e9cifiques<\/strong>, notre cabinet se charge de r\u00e9aliser les plans et documents n\u00e9cessaires \u00e0 l&rsquo;obtention des autorisations d&rsquo;urbanisme obligatoires pour mener \u00e0 bien votre projet.<\/p>\n\n\n\n<p><strong>Il s&rsquo;agit essentiellement :<\/strong><\/p>\n\n\n\n<ul class=\"wp-block-list\">\n<li>Du certificat d&rsquo;urbanisme<\/li>\n\n\n\n<li>De la d\u00e9claration pr\u00e9alable de division<\/li>\n\n\n\n<li>Du permis d&rsquo;am\u00e9nager<\/li>\n<\/ul>\n\n\n\n<figure class=\"wp-block-image size-full\"><img fetchpriority=\"high\" decoding=\"async\" width=\"892\" height=\"294\" src=\"https:\/\/meunier-geometre-expert.fr\/wp-content\/uploads\/2023\/12\/Plan-division-1.jpg\" alt=\"\" class=\"wp-image-222\" srcset=\"https:\/\/meunier-geometre-expert.fr\/wp-content\/uploads\/2023\/12\/Plan-division-1.jpg 892w, https:\/\/meunier-geometre-expert.fr\/wp-content\/uploads\/2023\/12\/Plan-division-1-300x99.jpg 300w, https:\/\/meunier-geometre-expert.fr\/wp-content\/uploads\/2023\/12\/Plan-division-1-768x253.jpg 768w, https:\/\/meunier-geometre-expert.fr\/wp-content\/uploads\/2023\/12\/Plan-division-1-600x198.jpg 600w\" sizes=\"(max-width: 892px) 100vw, 892px\" \/><\/figure>\n","protected":false},"excerpt":{"rendered":"<p>Lorsque vous envisagez de vous s\u00e9parer d&rsquo;une partie de votre propri\u00e9t\u00e9 dans le cadre d&rsquo;une vente ou d&rsquo;une donation, il est n\u00e9cessaire de proc\u00e9der \u00e0 la division de votre propri\u00e9t\u00e9 et du parcellaire cadastral. Cette op\u00e9ration qui n\u00e9cessite l&rsquo;intervention d&rsquo;un g\u00e9om\u00e8tre-expert, se d\u00e9roule sur la base de votre projet par : Lorsque cette division est [&hellip;]<\/p>\n","protected":false},"author":1,"featured_media":0,"parent":0,"menu_order":0,"comment_status":"closed","ping_status":"closed","template":"","meta":{"footnotes":""},"class_list":["post-95","page","type-page","status-publish","hentry"],"yoast_head":"<!-- This site is optimized with the Yoast SEO plugin v26.5 - https:\/\/yoast.com\/wordpress\/plugins\/seo\/ -->\n<title>Division de propri\u00e9t\u00e9 et urbanisme - Cabinet Alexis Meunier - G\u00e9om\u00e8tre Expert<\/title>\n<meta name=\"robots\" content=\"index, follow, max-snippet:-1, max-image-preview:large, max-video-preview:-1\" \/>\n<link rel=\"canonical\" href=\"https:\/\/meunier-geometre-expert.fr\/index.php\/division-de-propriete-et-urbanisme\/\" \/>\n<meta property=\"og:locale\" content=\"fr_FR\" \/>\n<meta property=\"og:type\" content=\"article\" \/>\n<meta property=\"og:title\" content=\"Division de propri\u00e9t\u00e9 et urbanisme - Cabinet Alexis Meunier - G\u00e9om\u00e8tre Expert\" \/>\n<meta property=\"og:description\" content=\"Lorsque vous envisagez de vous s\u00e9parer d&rsquo;une partie de votre propri\u00e9t\u00e9 dans le cadre d&rsquo;une vente ou d&rsquo;une donation, il est n\u00e9cessaire de proc\u00e9der \u00e0 la division de votre propri\u00e9t\u00e9 et du parcellaire cadastral. Cette op\u00e9ration qui n\u00e9cessite l&rsquo;intervention d&rsquo;un g\u00e9om\u00e8tre-expert, se d\u00e9roule sur la base de votre projet par : Lorsque cette division est [&hellip;]\" \/>\n<meta property=\"og:url\" content=\"https:\/\/meunier-geometre-expert.fr\/index.php\/division-de-propriete-et-urbanisme\/\" \/>\n<meta property=\"og:site_name\" content=\"Cabinet Alexis Meunier - G\u00e9om\u00e8tre Expert\" \/>\n<meta property=\"article:modified_time\" content=\"2023-12-25T08:21:18+00:00\" \/>\n<meta property=\"og:image\" content=\"https:\/\/meunier-geometre-expert.fr\/wp-content\/uploads\/2023\/12\/Plan-division-1.jpg\" \/>\n<meta name=\"twitter:card\" content=\"summary_large_image\" \/>\n<meta name=\"twitter:label1\" content=\"Dur\u00e9e de lecture estim\u00e9e\" \/>\n\t<meta name=\"twitter:data1\" content=\"1 minute\" \/>\n<script type=\"application\/ld+json\" class=\"yoast-schema-graph\">{\"@context\":\"https:\/\/schema.org\",\"@graph\":[{\"@type\":\"WebPage\",\"@id\":\"https:\/\/meunier-geometre-expert.fr\/index.php\/division-de-propriete-et-urbanisme\/\",\"url\":\"https:\/\/meunier-geometre-expert.fr\/index.php\/division-de-propriete-et-urbanisme\/\",\"name\":\"Division de propri\u00e9t\u00e9 et urbanisme - Cabinet Alexis Meunier - G\u00e9om\u00e8tre Expert\",\"isPartOf\":{\"@id\":\"https:\/\/meunier-geometre-expert.fr\/#website\"},\"primaryImageOfPage\":{\"@id\":\"https:\/\/meunier-geometre-expert.fr\/index.php\/division-de-propriete-et-urbanisme\/#primaryimage\"},\"image\":{\"@id\":\"https:\/\/meunier-geometre-expert.fr\/index.php\/division-de-propriete-et-urbanisme\/#primaryimage\"},\"thumbnailUrl\":\"https:\/\/meunier-geometre-expert.fr\/wp-content\/uploads\/2023\/12\/Plan-division-1.jpg\",\"datePublished\":\"2023-12-13T17:46:36+00:00\",\"dateModified\":\"2023-12-25T08:21:18+00:00\",\"breadcrumb\":{\"@id\":\"https:\/\/meunier-geometre-expert.fr\/index.php\/division-de-propriete-et-urbanisme\/#breadcrumb\"},\"inLanguage\":\"fr-FR\",\"potentialAction\":[{\"@type\":\"ReadAction\",\"target\":[\"https:\/\/meunier-geometre-expert.fr\/index.php\/division-de-propriete-et-urbanisme\/\"]}]},{\"@type\":\"ImageObject\",\"inLanguage\":\"fr-FR\",\"@id\":\"https:\/\/meunier-geometre-expert.fr\/index.php\/division-de-propriete-et-urbanisme\/#primaryimage\",\"url\":\"https:\/\/meunier-geometre-expert.fr\/wp-content\/uploads\/2023\/12\/Plan-division-1.jpg\",\"contentUrl\":\"https:\/\/meunier-geometre-expert.fr\/wp-content\/uploads\/2023\/12\/Plan-division-1.jpg\",\"width\":892,\"height\":294},{\"@type\":\"BreadcrumbList\",\"@id\":\"https:\/\/meunier-geometre-expert.fr\/index.php\/division-de-propriete-et-urbanisme\/#breadcrumb\",\"itemListElement\":[{\"@type\":\"ListItem\",\"position\":1,\"name\":\"Accueil\",\"item\":\"https:\/\/meunier-geometre-expert.fr\/\"},{\"@type\":\"ListItem\",\"position\":2,\"name\":\"Division de propri\u00e9t\u00e9 et urbanisme\"}]},{\"@type\":\"WebSite\",\"@id\":\"https:\/\/meunier-geometre-expert.fr\/#website\",\"url\":\"https:\/\/meunier-geometre-expert.fr\/\",\"name\":\"Cabinet Alexis Meunier - G\u00e9om\u00e8tre Expert\",\"description\":\"Le cabinet Alexis Meunier, expert g\u00e9om\u00e8tre sur Luxeuil en Haute-Sa\u00f4ne, vous propose son savoir-faire pour tous vos projets.\",\"publisher\":{\"@id\":\"https:\/\/meunier-geometre-expert.fr\/#organization\"},\"potentialAction\":[{\"@type\":\"SearchAction\",\"target\":{\"@type\":\"EntryPoint\",\"urlTemplate\":\"https:\/\/meunier-geometre-expert.fr\/?s={search_term_string}\"},\"query-input\":{\"@type\":\"PropertyValueSpecification\",\"valueRequired\":true,\"valueName\":\"search_term_string\"}}],\"inLanguage\":\"fr-FR\"},{\"@type\":\"Organization\",\"@id\":\"https:\/\/meunier-geometre-expert.fr\/#organization\",\"name\":\"Cabinet Alexis Meunier - G\u00e9om\u00e8tre Expert\",\"url\":\"https:\/\/meunier-geometre-expert.fr\/\",\"logo\":{\"@type\":\"ImageObject\",\"inLanguage\":\"fr-FR\",\"@id\":\"https:\/\/meunier-geometre-expert.fr\/#\/schema\/logo\/image\/\",\"url\":\"https:\/\/meunier-geometre-expert.fr\/wp-content\/uploads\/2023\/11\/cropped-Alexis-MEUNIER-logo-10_2023_blanc.png\",\"contentUrl\":\"https:\/\/meunier-geometre-expert.fr\/wp-content\/uploads\/2023\/11\/cropped-Alexis-MEUNIER-logo-10_2023_blanc.png\",\"width\":912,\"height\":569,\"caption\":\"Cabinet Alexis Meunier - G\u00e9om\u00e8tre Expert\"},\"image\":{\"@id\":\"https:\/\/meunier-geometre-expert.fr\/#\/schema\/logo\/image\/\"}}]}<\/script>\n<!-- \/ Yoast SEO plugin. -->","yoast_head_json":{"title":"Division de propri\u00e9t\u00e9 et urbanisme - Cabinet Alexis Meunier - G\u00e9om\u00e8tre Expert","robots":{"index":"index","follow":"follow","max-snippet":"max-snippet:-1","max-image-preview":"max-image-preview:large","max-video-preview":"max-video-preview:-1"},"canonical":"https:\/\/meunier-geometre-expert.fr\/index.php\/division-de-propriete-et-urbanisme\/","og_locale":"fr_FR","og_type":"article","og_title":"Division de propri\u00e9t\u00e9 et urbanisme - Cabinet Alexis Meunier - G\u00e9om\u00e8tre Expert","og_description":"Lorsque vous envisagez de vous s\u00e9parer d&rsquo;une partie de votre propri\u00e9t\u00e9 dans le cadre d&rsquo;une vente ou d&rsquo;une donation, il est n\u00e9cessaire de proc\u00e9der \u00e0 la division de votre propri\u00e9t\u00e9 et du parcellaire cadastral. Cette op\u00e9ration qui n\u00e9cessite l&rsquo;intervention d&rsquo;un g\u00e9om\u00e8tre-expert, se d\u00e9roule sur la base de votre projet par : Lorsque cette division est [&hellip;]","og_url":"https:\/\/meunier-geometre-expert.fr\/index.php\/division-de-propriete-et-urbanisme\/","og_site_name":"Cabinet Alexis Meunier - G\u00e9om\u00e8tre Expert","article_modified_time":"2023-12-25T08:21:18+00:00","og_image":[{"url":"https:\/\/meunier-geometre-expert.fr\/wp-content\/uploads\/2023\/12\/Plan-division-1.jpg","type":"","width":"","height":""}],"twitter_card":"summary_large_image","twitter_misc":{"Dur\u00e9e de lecture estim\u00e9e":"1 minute"},"schema":{"@context":"https:\/\/schema.org","@graph":[{"@type":"WebPage","@id":"https:\/\/meunier-geometre-expert.fr\/index.php\/division-de-propriete-et-urbanisme\/","url":"https:\/\/meunier-geometre-expert.fr\/index.php\/division-de-propriete-et-urbanisme\/","name":"Division de propri\u00e9t\u00e9 et urbanisme - Cabinet Alexis Meunier - G\u00e9om\u00e8tre Expert","isPartOf":{"@id":"https:\/\/meunier-geometre-expert.fr\/#website"},"primaryImageOfPage":{"@id":"https:\/\/meunier-geometre-expert.fr\/index.php\/division-de-propriete-et-urbanisme\/#primaryimage"},"image":{"@id":"https:\/\/meunier-geometre-expert.fr\/index.php\/division-de-propriete-et-urbanisme\/#primaryimage"},"thumbnailUrl":"https:\/\/meunier-geometre-expert.fr\/wp-content\/uploads\/2023\/12\/Plan-division-1.jpg","datePublished":"2023-12-13T17:46:36+00:00","dateModified":"2023-12-25T08:21:18+00:00","breadcrumb":{"@id":"https:\/\/meunier-geometre-expert.fr\/index.php\/division-de-propriete-et-urbanisme\/#breadcrumb"},"inLanguage":"fr-FR","potentialAction":[{"@type":"ReadAction","target":["https:\/\/meunier-geometre-expert.fr\/index.php\/division-de-propriete-et-urbanisme\/"]}]},{"@type":"ImageObject","inLanguage":"fr-FR","@id":"https:\/\/meunier-geometre-expert.fr\/index.php\/division-de-propriete-et-urbanisme\/#primaryimage","url":"https:\/\/meunier-geometre-expert.fr\/wp-content\/uploads\/2023\/12\/Plan-division-1.jpg","contentUrl":"https:\/\/meunier-geometre-expert.fr\/wp-content\/uploads\/2023\/12\/Plan-division-1.jpg","width":892,"height":294},{"@type":"BreadcrumbList","@id":"https:\/\/meunier-geometre-expert.fr\/index.php\/division-de-propriete-et-urbanisme\/#breadcrumb","itemListElement":[{"@type":"ListItem","position":1,"name":"Accueil","item":"https:\/\/meunier-geometre-expert.fr\/"},{"@type":"ListItem","position":2,"name":"Division de propri\u00e9t\u00e9 et urbanisme"}]},{"@type":"WebSite","@id":"https:\/\/meunier-geometre-expert.fr\/#website","url":"https:\/\/meunier-geometre-expert.fr\/","name":"Cabinet Alexis Meunier - G\u00e9om\u00e8tre Expert","description":"Le cabinet Alexis Meunier, expert g\u00e9om\u00e8tre sur Luxeuil en Haute-Sa\u00f4ne, vous propose son savoir-faire pour tous vos projets.","publisher":{"@id":"https:\/\/meunier-geometre-expert.fr\/#organization"},"potentialAction":[{"@type":"SearchAction","target":{"@type":"EntryPoint","urlTemplate":"https:\/\/meunier-geometre-expert.fr\/?s={search_term_string}"},"query-input":{"@type":"PropertyValueSpecification","valueRequired":true,"valueName":"search_term_string"}}],"inLanguage":"fr-FR"},{"@type":"Organization","@id":"https:\/\/meunier-geometre-expert.fr\/#organization","name":"Cabinet Alexis Meunier - G\u00e9om\u00e8tre Expert","url":"https:\/\/meunier-geometre-expert.fr\/","logo":{"@type":"ImageObject","inLanguage":"fr-FR","@id":"https:\/\/meunier-geometre-expert.fr\/#\/schema\/logo\/image\/","url":"https:\/\/meunier-geometre-expert.fr\/wp-content\/uploads\/2023\/11\/cropped-Alexis-MEUNIER-logo-10_2023_blanc.png","contentUrl":"https:\/\/meunier-geometre-expert.fr\/wp-content\/uploads\/2023\/11\/cropped-Alexis-MEUNIER-logo-10_2023_blanc.png","width":912,"height":569,"caption":"Cabinet Alexis Meunier - G\u00e9om\u00e8tre Expert"},"image":{"@id":"https:\/\/meunier-geometre-expert.fr\/#\/schema\/logo\/image\/"}}]}},"_links":{"self":[{"href":"https:\/\/meunier-geometre-expert.fr\/index.php\/wp-json\/wp\/v2\/pages\/95","targetHints":{"allow":["GET"]}}],"collection":[{"href":"https:\/\/meunier-geometre-expert.fr\/index.php\/wp-json\/wp\/v2\/pages"}],"about":[{"href":"https:\/\/meunier-geometre-expert.fr\/index.php\/wp-json\/wp\/v2\/types\/page"}],"author":[{"embeddable":true,"href":"https:\/\/meunier-geometre-expert.fr\/index.php\/wp-json\/wp\/v2\/users\/1"}],"replies":[{"embeddable":true,"href":"https:\/\/meunier-geometre-expert.fr\/index.php\/wp-json\/wp\/v2\/comments?post=95"}],"version-history":[{"count":6,"href":"https:\/\/meunier-geometre-expert.fr\/index.php\/wp-json\/wp\/v2\/pages\/95\/revisions"}],"predecessor-version":[{"id":260,"href":"https:\/\/meunier-geometre-expert.fr\/index.php\/wp-json\/wp\/v2\/pages\/95\/revisions\/260"}],"wp:attachment":[{"href":"https:\/\/meunier-geometre-expert.fr\/index.php\/wp-json\/wp\/v2\/media?parent=95"}],"curies":[{"name":"wp","href":"https:\/\/api.w.org\/{rel}","templated":true}]}}