{"id":9,"date":"2023-11-01T08:27:02","date_gmt":"2023-11-01T07:27:02","guid":{"rendered":"https:\/\/meunier-geometre-expert.fr\/?page_id=9"},"modified":"2024-01-11T18:10:19","modified_gmt":"2024-01-11T17:10:19","slug":"conception-et-maitrise-doeuvre","status":"publish","type":"page","link":"https:\/\/meunier-geometre-expert.fr\/index.php\/conception-et-maitrise-doeuvre\/","title":{"rendered":"Conception et ma\u00eetrise d\u2019\u0153uvre voiries et r\u00e9seaux divers"},"content":{"rendered":"\n<p>Notre cabinet vous accompagne pour tous vos projets d&rsquo;am\u00e9nagement portant sur la voirie, les r\u00e9seaux divers.<\/p>\n\n\n\n<p><strong>Nous intervenons dans :<\/strong><\/p>\n\n\n\n<ul class=\"wp-block-list\">\n<li>Cr\u00e9ation et am\u00e9nagement de nouvelles voies<\/li>\n\n\n\n<li>Am\u00e9nagement de voies existantes (embellissement et mise en s\u00e9curit\u00e9)<\/li>\n\n\n\n<li>Am\u00e9nagement de place\/placette<\/li>\n\n\n\n<li>Cr\u00e9ation de liaison douce, piste cyclable<\/li>\n\n\n\n<li>Cr\u00e9ation de lotissement<\/li>\n\n\n\n<li>Cr\u00e9ation et am\u00e9nagement de plateforme<\/li>\n\n\n\n<li>R\u00e9fection et cr\u00e9ation des r\u00e9seaux eau potable et (eaux us\u00e9es) assainissement<\/li>\n\n\n\n<li>Traitement et gestion des eaux pluviales<\/li>\n<\/ul>\n\n\n\n<p>Nous vous proposons des missions d&rsquo;assistances \u00e0 maitrise d&rsquo;ouvrage (AMO) et des missions de maitrise d&rsquo;\u0153uvre compl\u00e8te allant des \u00e9tudes de faisabilit\u00e9 aux op\u00e9rations de r\u00e9ception en passant par les dossiers de consultation des entreprises et de suivi de travaux.<\/p>\n\n\n\n<figure class=\"wp-block-image size-full\"><img fetchpriority=\"high\" decoding=\"async\" width=\"924\" height=\"520\" src=\"https:\/\/meunier-geometre-expert.fr\/wp-content\/uploads\/2024\/01\/1000001219.jpg\" alt=\"\" class=\"wp-image-312\" srcset=\"https:\/\/meunier-geometre-expert.fr\/wp-content\/uploads\/2024\/01\/1000001219.jpg 924w, https:\/\/meunier-geometre-expert.fr\/wp-content\/uploads\/2024\/01\/1000001219-300x169.jpg 300w, https:\/\/meunier-geometre-expert.fr\/wp-content\/uploads\/2024\/01\/1000001219-768x432.jpg 768w, https:\/\/meunier-geometre-expert.fr\/wp-content\/uploads\/2024\/01\/1000001219-600x338.jpg 600w\" sizes=\"(max-width: 924px) 100vw, 924px\" \/><\/figure>\n","protected":false},"excerpt":{"rendered":"<p>Notre cabinet vous accompagne pour tous vos projets d&rsquo;am\u00e9nagement portant sur la voirie, les r\u00e9seaux divers. Nous intervenons dans : Nous vous proposons des missions d&rsquo;assistances \u00e0 maitrise d&rsquo;ouvrage (AMO) et des missions de maitrise d&rsquo;\u0153uvre compl\u00e8te allant des \u00e9tudes de faisabilit\u00e9 aux op\u00e9rations de r\u00e9ception en passant par les dossiers de consultation des entreprises [&hellip;]<\/p>\n","protected":false},"author":1,"featured_media":0,"parent":0,"menu_order":0,"comment_status":"closed","ping_status":"closed","template":"","meta":{"footnotes":""},"class_list":["post-9","page","type-page","status-publish","hentry"],"yoast_head":"<!-- This site is optimized with the Yoast SEO plugin v26.5 - https:\/\/yoast.com\/wordpress\/plugins\/seo\/ -->\n<title>Conception et ma\u00eetrise d\u2019\u0153uvre voiries et r\u00e9seaux divers - Cabinet Alexis Meunier - G\u00e9om\u00e8tre Expert<\/title>\n<meta name=\"robots\" content=\"index, follow, max-snippet:-1, max-image-preview:large, max-video-preview:-1\" \/>\n<link rel=\"canonical\" href=\"https:\/\/meunier-geometre-expert.fr\/index.php\/conception-et-maitrise-doeuvre\/\" \/>\n<meta property=\"og:locale\" content=\"fr_FR\" \/>\n<meta property=\"og:type\" content=\"article\" \/>\n<meta property=\"og:title\" content=\"Conception et ma\u00eetrise d\u2019\u0153uvre voiries et r\u00e9seaux divers - Cabinet Alexis Meunier - G\u00e9om\u00e8tre Expert\" \/>\n<meta property=\"og:description\" content=\"Notre cabinet vous accompagne pour tous vos projets d&rsquo;am\u00e9nagement portant sur la voirie, les r\u00e9seaux divers. Nous intervenons dans : Nous vous proposons des missions d&rsquo;assistances \u00e0 maitrise d&rsquo;ouvrage (AMO) et des missions de maitrise d&rsquo;\u0153uvre compl\u00e8te allant des \u00e9tudes de faisabilit\u00e9 aux op\u00e9rations de r\u00e9ception en passant par les dossiers de consultation des entreprises [&hellip;]\" \/>\n<meta property=\"og:url\" content=\"https:\/\/meunier-geometre-expert.fr\/index.php\/conception-et-maitrise-doeuvre\/\" \/>\n<meta property=\"og:site_name\" content=\"Cabinet Alexis Meunier - G\u00e9om\u00e8tre Expert\" \/>\n<meta property=\"article:modified_time\" content=\"2024-01-11T17:10:19+00:00\" \/>\n<meta property=\"og:image\" content=\"https:\/\/meunier-geometre-expert.fr\/wp-content\/uploads\/2024\/01\/1000001219.jpg\" \/>\n<meta name=\"twitter:card\" content=\"summary_large_image\" \/>\n<meta name=\"twitter:label1\" content=\"Dur\u00e9e de lecture estim\u00e9e\" \/>\n\t<meta name=\"twitter:data1\" content=\"1 minute\" \/>\n<script type=\"application\/ld+json\" class=\"yoast-schema-graph\">{\"@context\":\"https:\/\/schema.org\",\"@graph\":[{\"@type\":\"WebPage\",\"@id\":\"https:\/\/meunier-geometre-expert.fr\/index.php\/conception-et-maitrise-doeuvre\/\",\"url\":\"https:\/\/meunier-geometre-expert.fr\/index.php\/conception-et-maitrise-doeuvre\/\",\"name\":\"Conception et ma\u00eetrise d\u2019\u0153uvre voiries et r\u00e9seaux divers - Cabinet Alexis Meunier - G\u00e9om\u00e8tre Expert\",\"isPartOf\":{\"@id\":\"https:\/\/meunier-geometre-expert.fr\/#website\"},\"primaryImageOfPage\":{\"@id\":\"https:\/\/meunier-geometre-expert.fr\/index.php\/conception-et-maitrise-doeuvre\/#primaryimage\"},\"image\":{\"@id\":\"https:\/\/meunier-geometre-expert.fr\/index.php\/conception-et-maitrise-doeuvre\/#primaryimage\"},\"thumbnailUrl\":\"https:\/\/meunier-geometre-expert.fr\/wp-content\/uploads\/2024\/01\/1000001219.jpg\",\"datePublished\":\"2023-11-01T07:27:02+00:00\",\"dateModified\":\"2024-01-11T17:10:19+00:00\",\"breadcrumb\":{\"@id\":\"https:\/\/meunier-geometre-expert.fr\/index.php\/conception-et-maitrise-doeuvre\/#breadcrumb\"},\"inLanguage\":\"fr-FR\",\"potentialAction\":[{\"@type\":\"ReadAction\",\"target\":[\"https:\/\/meunier-geometre-expert.fr\/index.php\/conception-et-maitrise-doeuvre\/\"]}]},{\"@type\":\"ImageObject\",\"inLanguage\":\"fr-FR\",\"@id\":\"https:\/\/meunier-geometre-expert.fr\/index.php\/conception-et-maitrise-doeuvre\/#primaryimage\",\"url\":\"https:\/\/meunier-geometre-expert.fr\/wp-content\/uploads\/2024\/01\/1000001219.jpg\",\"contentUrl\":\"https:\/\/meunier-geometre-expert.fr\/wp-content\/uploads\/2024\/01\/1000001219.jpg\",\"width\":924,\"height\":520},{\"@type\":\"BreadcrumbList\",\"@id\":\"https:\/\/meunier-geometre-expert.fr\/index.php\/conception-et-maitrise-doeuvre\/#breadcrumb\",\"itemListElement\":[{\"@type\":\"ListItem\",\"position\":1,\"name\":\"Accueil\",\"item\":\"https:\/\/meunier-geometre-expert.fr\/\"},{\"@type\":\"ListItem\",\"position\":2,\"name\":\"Conception et ma\u00eetrise d\u2019\u0153uvre voiries et r\u00e9seaux divers\"}]},{\"@type\":\"WebSite\",\"@id\":\"https:\/\/meunier-geometre-expert.fr\/#website\",\"url\":\"https:\/\/meunier-geometre-expert.fr\/\",\"name\":\"Cabinet Alexis Meunier - G\u00e9om\u00e8tre Expert\",\"description\":\"Le cabinet Alexis Meunier, expert g\u00e9om\u00e8tre sur Luxeuil en Haute-Sa\u00f4ne, vous propose son savoir-faire pour tous vos projets.\",\"publisher\":{\"@id\":\"https:\/\/meunier-geometre-expert.fr\/#organization\"},\"potentialAction\":[{\"@type\":\"SearchAction\",\"target\":{\"@type\":\"EntryPoint\",\"urlTemplate\":\"https:\/\/meunier-geometre-expert.fr\/?s={search_term_string}\"},\"query-input\":{\"@type\":\"PropertyValueSpecification\",\"valueRequired\":true,\"valueName\":\"search_term_string\"}}],\"inLanguage\":\"fr-FR\"},{\"@type\":\"Organization\",\"@id\":\"https:\/\/meunier-geometre-expert.fr\/#organization\",\"name\":\"Cabinet Alexis Meunier - G\u00e9om\u00e8tre Expert\",\"url\":\"https:\/\/meunier-geometre-expert.fr\/\",\"logo\":{\"@type\":\"ImageObject\",\"inLanguage\":\"fr-FR\",\"@id\":\"https:\/\/meunier-geometre-expert.fr\/#\/schema\/logo\/image\/\",\"url\":\"https:\/\/meunier-geometre-expert.fr\/wp-content\/uploads\/2023\/11\/cropped-Alexis-MEUNIER-logo-10_2023_blanc.png\",\"contentUrl\":\"https:\/\/meunier-geometre-expert.fr\/wp-content\/uploads\/2023\/11\/cropped-Alexis-MEUNIER-logo-10_2023_blanc.png\",\"width\":912,\"height\":569,\"caption\":\"Cabinet Alexis Meunier - G\u00e9om\u00e8tre Expert\"},\"image\":{\"@id\":\"https:\/\/meunier-geometre-expert.fr\/#\/schema\/logo\/image\/\"}}]}<\/script>\n<!-- \/ Yoast SEO plugin. -->","yoast_head_json":{"title":"Conception et ma\u00eetrise d\u2019\u0153uvre voiries et r\u00e9seaux divers - Cabinet Alexis Meunier - G\u00e9om\u00e8tre Expert","robots":{"index":"index","follow":"follow","max-snippet":"max-snippet:-1","max-image-preview":"max-image-preview:large","max-video-preview":"max-video-preview:-1"},"canonical":"https:\/\/meunier-geometre-expert.fr\/index.php\/conception-et-maitrise-doeuvre\/","og_locale":"fr_FR","og_type":"article","og_title":"Conception et ma\u00eetrise d\u2019\u0153uvre voiries et r\u00e9seaux divers - Cabinet Alexis Meunier - G\u00e9om\u00e8tre Expert","og_description":"Notre cabinet vous accompagne pour tous vos projets d&rsquo;am\u00e9nagement portant sur la voirie, les r\u00e9seaux divers. Nous intervenons dans : Nous vous proposons des missions d&rsquo;assistances \u00e0 maitrise d&rsquo;ouvrage (AMO) et des missions de maitrise d&rsquo;\u0153uvre compl\u00e8te allant des \u00e9tudes de faisabilit\u00e9 aux op\u00e9rations de r\u00e9ception en passant par les dossiers de consultation des entreprises [&hellip;]","og_url":"https:\/\/meunier-geometre-expert.fr\/index.php\/conception-et-maitrise-doeuvre\/","og_site_name":"Cabinet Alexis Meunier - G\u00e9om\u00e8tre Expert","article_modified_time":"2024-01-11T17:10:19+00:00","og_image":[{"url":"https:\/\/meunier-geometre-expert.fr\/wp-content\/uploads\/2024\/01\/1000001219.jpg","type":"","width":"","height":""}],"twitter_card":"summary_large_image","twitter_misc":{"Dur\u00e9e de lecture estim\u00e9e":"1 minute"},"schema":{"@context":"https:\/\/schema.org","@graph":[{"@type":"WebPage","@id":"https:\/\/meunier-geometre-expert.fr\/index.php\/conception-et-maitrise-doeuvre\/","url":"https:\/\/meunier-geometre-expert.fr\/index.php\/conception-et-maitrise-doeuvre\/","name":"Conception et ma\u00eetrise d\u2019\u0153uvre voiries et r\u00e9seaux divers - Cabinet Alexis Meunier - G\u00e9om\u00e8tre Expert","isPartOf":{"@id":"https:\/\/meunier-geometre-expert.fr\/#website"},"primaryImageOfPage":{"@id":"https:\/\/meunier-geometre-expert.fr\/index.php\/conception-et-maitrise-doeuvre\/#primaryimage"},"image":{"@id":"https:\/\/meunier-geometre-expert.fr\/index.php\/conception-et-maitrise-doeuvre\/#primaryimage"},"thumbnailUrl":"https:\/\/meunier-geometre-expert.fr\/wp-content\/uploads\/2024\/01\/1000001219.jpg","datePublished":"2023-11-01T07:27:02+00:00","dateModified":"2024-01-11T17:10:19+00:00","breadcrumb":{"@id":"https:\/\/meunier-geometre-expert.fr\/index.php\/conception-et-maitrise-doeuvre\/#breadcrumb"},"inLanguage":"fr-FR","potentialAction":[{"@type":"ReadAction","target":["https:\/\/meunier-geometre-expert.fr\/index.php\/conception-et-maitrise-doeuvre\/"]}]},{"@type":"ImageObject","inLanguage":"fr-FR","@id":"https:\/\/meunier-geometre-expert.fr\/index.php\/conception-et-maitrise-doeuvre\/#primaryimage","url":"https:\/\/meunier-geometre-expert.fr\/wp-content\/uploads\/2024\/01\/1000001219.jpg","contentUrl":"https:\/\/meunier-geometre-expert.fr\/wp-content\/uploads\/2024\/01\/1000001219.jpg","width":924,"height":520},{"@type":"BreadcrumbList","@id":"https:\/\/meunier-geometre-expert.fr\/index.php\/conception-et-maitrise-doeuvre\/#breadcrumb","itemListElement":[{"@type":"ListItem","position":1,"name":"Accueil","item":"https:\/\/meunier-geometre-expert.fr\/"},{"@type":"ListItem","position":2,"name":"Conception et ma\u00eetrise d\u2019\u0153uvre voiries et r\u00e9seaux divers"}]},{"@type":"WebSite","@id":"https:\/\/meunier-geometre-expert.fr\/#website","url":"https:\/\/meunier-geometre-expert.fr\/","name":"Cabinet Alexis Meunier - G\u00e9om\u00e8tre Expert","description":"Le cabinet Alexis Meunier, expert g\u00e9om\u00e8tre sur Luxeuil en Haute-Sa\u00f4ne, vous propose son savoir-faire pour tous vos projets.","publisher":{"@id":"https:\/\/meunier-geometre-expert.fr\/#organization"},"potentialAction":[{"@type":"SearchAction","target":{"@type":"EntryPoint","urlTemplate":"https:\/\/meunier-geometre-expert.fr\/?s={search_term_string}"},"query-input":{"@type":"PropertyValueSpecification","valueRequired":true,"valueName":"search_term_string"}}],"inLanguage":"fr-FR"},{"@type":"Organization","@id":"https:\/\/meunier-geometre-expert.fr\/#organization","name":"Cabinet Alexis Meunier - G\u00e9om\u00e8tre Expert","url":"https:\/\/meunier-geometre-expert.fr\/","logo":{"@type":"ImageObject","inLanguage":"fr-FR","@id":"https:\/\/meunier-geometre-expert.fr\/#\/schema\/logo\/image\/","url":"https:\/\/meunier-geometre-expert.fr\/wp-content\/uploads\/2023\/11\/cropped-Alexis-MEUNIER-logo-10_2023_blanc.png","contentUrl":"https:\/\/meunier-geometre-expert.fr\/wp-content\/uploads\/2023\/11\/cropped-Alexis-MEUNIER-logo-10_2023_blanc.png","width":912,"height":569,"caption":"Cabinet Alexis Meunier - G\u00e9om\u00e8tre Expert"},"image":{"@id":"https:\/\/meunier-geometre-expert.fr\/#\/schema\/logo\/image\/"}}]}},"_links":{"self":[{"href":"https:\/\/meunier-geometre-expert.fr\/index.php\/wp-json\/wp\/v2\/pages\/9","targetHints":{"allow":["GET"]}}],"collection":[{"href":"https:\/\/meunier-geometre-expert.fr\/index.php\/wp-json\/wp\/v2\/pages"}],"about":[{"href":"https:\/\/meunier-geometre-expert.fr\/index.php\/wp-json\/wp\/v2\/types\/page"}],"author":[{"embeddable":true,"href":"https:\/\/meunier-geometre-expert.fr\/index.php\/wp-json\/wp\/v2\/users\/1"}],"replies":[{"embeddable":true,"href":"https:\/\/meunier-geometre-expert.fr\/index.php\/wp-json\/wp\/v2\/comments?post=9"}],"version-history":[{"count":7,"href":"https:\/\/meunier-geometre-expert.fr\/index.php\/wp-json\/wp\/v2\/pages\/9\/revisions"}],"predecessor-version":[{"id":313,"href":"https:\/\/meunier-geometre-expert.fr\/index.php\/wp-json\/wp\/v2\/pages\/9\/revisions\/313"}],"wp:attachment":[{"href":"https:\/\/meunier-geometre-expert.fr\/index.php\/wp-json\/wp\/v2\/media?parent=9"}],"curies":[{"name":"wp","href":"https:\/\/api.w.org\/{rel}","templated":true}]}}