{"id":83,"date":"2023-11-01T10:46:20","date_gmt":"2023-11-01T09:46:20","guid":{"rendered":"https:\/\/meunier-geometre-expert.fr\/?page_id=83"},"modified":"2024-01-05T17:54:41","modified_gmt":"2024-01-05T16:54:41","slug":"votre-projet","status":"publish","type":"page","link":"https:\/\/meunier-geometre-expert.fr\/index.php\/votre-projet\/","title":{"rendered":"Demande de devis"},"content":{"rendered":"\n<p>Avec une client\u00e8le essentiellement compos\u00e9e de particuliers, de collectivit\u00e9s, architectes et institutionnels, nous nous effor\u00e7ons de pratiquer les tarifs les plus comp\u00e9titifs, et de vous donner satisfaction dans des d\u00e9lais restreints. <\/p>\n\n\n\n<p>Aussi n\u2019h\u00e9sitez pas \u00e0 nous faire part de vos imp\u00e9ratifs et \u00e0 nous donner le plus de d\u00e9tails possibles, afin que nous soyons en mesure de vous faire la meilleure proposition.<\/p>\n\n\n\n<p class=\"has-text-align-center\">&#8212;&#8212;&#8212;&#8212;&#8212;&#8212;&#8212;<\/p>\n\n\n\n<div class=\"wpcf7 no-js\" id=\"wpcf7-f272-o1\" lang=\"fr-FR\" dir=\"ltr\" data-wpcf7-id=\"272\">\n<div class=\"screen-reader-response\"><p role=\"status\" aria-live=\"polite\" aria-atomic=\"true\"><\/p> <ul><\/ul><\/div>\n<form action=\"\/index.php\/wp-json\/wp\/v2\/pages\/83#wpcf7-f272-o1\" method=\"post\" class=\"wpcf7-form init\" aria-label=\"Formulaire de contact\" enctype=\"multipart\/form-data\" novalidate=\"novalidate\" data-status=\"init\">\n<fieldset class=\"hidden-fields-container\"><input type=\"hidden\" name=\"_wpcf7\" value=\"272\" \/><input type=\"hidden\" name=\"_wpcf7_version\" value=\"6.1.4\" \/><input type=\"hidden\" name=\"_wpcf7_locale\" value=\"fr_FR\" \/><input type=\"hidden\" name=\"_wpcf7_unit_tag\" value=\"wpcf7-f272-o1\" \/><input type=\"hidden\" name=\"_wpcf7_container_post\" value=\"0\" \/><input type=\"hidden\" name=\"_wpcf7_posted_data_hash\" value=\"\" \/>\n<\/fieldset>\n<p><b style=\"text-transform:uppercase; color:#db2723\">Quelques renseignements sur vous<\/b>\n<\/p>\n<p><label> Je suis<br \/>\n<span class=\"wpcf7-form-control-wrap\" data-name=\"je-suis\"><select class=\"wpcf7-form-control wpcf7-select wpcf7-validates-as-required\" aria-required=\"true\" aria-invalid=\"false\" name=\"je-suis\"><option value=\"un particulier\">un particulier<\/option><option value=\"une collectivit\u00e9\">une collectivit\u00e9<\/option><\/select><\/span> <\/label>\n<\/p>\n<p><label> Nom \/ Pr\u00e9nom*<br \/>\n<span class=\"wpcf7-form-control-wrap\" data-name=\"your-name\"><input size=\"40\" maxlength=\"400\" class=\"wpcf7-form-control wpcf7-text wpcf7-validates-as-required\" autocomplete=\"name\" aria-required=\"true\" aria-invalid=\"false\" value=\"\" type=\"text\" name=\"your-name\" \/><\/span> <\/label>\n<\/p>\n<p><label> T\u00e9l\u00e9phone<br \/>\n<span class=\"wpcf7-form-control-wrap\" data-name=\"telephone\"><input size=\"40\" maxlength=\"400\" class=\"wpcf7-form-control wpcf7-tel wpcf7-text wpcf7-validates-as-tel\" aria-invalid=\"false\" value=\"\" type=\"tel\" name=\"telephone\" \/><\/span><\/label>\n<\/p>\n<p><label> E-mail*<br \/>\n<span class=\"wpcf7-form-control-wrap\" data-name=\"your-email\"><input size=\"40\" maxlength=\"400\" class=\"wpcf7-form-control wpcf7-email wpcf7-validates-as-required wpcf7-text wpcf7-validates-as-email\" autocomplete=\"email\" aria-required=\"true\" aria-invalid=\"false\" value=\"\" type=\"email\" name=\"your-email\" \/><\/span> <\/label>\n<\/p>\n<p>-------------\n<\/p>\n<p><b style=\"text-transform:uppercase; color:#db2723\">Quelques renseignements sur votre projet<\/b>\n<\/p>\n<p>N'oubliez pas d'indiquer la commune, la section et parcelle ou la rue. L'ensemble de ces informations se trouve sur l'extrait du cadastre par ici : <a target=\"_blank\" href=\"https:\/\/www.cadastre.gouv.fr\/scpc\/accueil.do\">Extrait cadastral<\/a>\n<\/p>\n<p><label> Adresse \/ Rue<br \/>\n<span class=\"wpcf7-form-control-wrap\" data-name=\"adressepostaleduprojet\"><input size=\"40\" maxlength=\"400\" class=\"wpcf7-form-control wpcf7-text\" aria-invalid=\"false\" value=\"\" type=\"text\" name=\"adressepostaleduprojet\" \/><\/span><\/label>\n<\/p>\n<p><label> Code postal<br \/>\n<span class=\"wpcf7-form-control-wrap\" data-name=\"codepostaleduprojet\"><input size=\"40\" maxlength=\"400\" class=\"wpcf7-form-control wpcf7-text\" aria-invalid=\"false\" value=\"\" type=\"text\" name=\"codepostaleduprojet\" \/><\/span><\/label>\n<\/p>\n<p><label> Commune \/ Ville<br \/>\n<span class=\"wpcf7-form-control-wrap\" data-name=\"villeduprojet\"><input size=\"40\" maxlength=\"400\" class=\"wpcf7-form-control wpcf7-text\" aria-invalid=\"false\" value=\"\" type=\"text\" name=\"villeduprojet\" \/><\/span><\/label>\n<\/p>\n<p><label> Section \/ Parcelle<br \/>\n<span class=\"wpcf7-form-control-wrap\" data-name=\"sectionparcelleduprojet\"><input size=\"40\" maxlength=\"400\" class=\"wpcf7-form-control wpcf7-text\" aria-invalid=\"false\" value=\"\" type=\"text\" name=\"sectionparcelleduprojet\" \/><\/span><\/label>\n<\/p>\n<p><label> Votre description de projet<br \/>\n<span class=\"wpcf7-form-control-wrap\" data-name=\"your-message\"><textarea cols=\"40\" rows=\"10\" maxlength=\"2000\" class=\"wpcf7-form-control wpcf7-textarea wpcf7-validates-as-required\" aria-required=\"true\" aria-invalid=\"false\" name=\"your-message\"><\/textarea><\/span> <\/label>\n<\/p>\n<p><label> Joindre des documents (extrait du plan cadastral ou photo a\u00e9rienne)<br \/>\n<span class=\"wpcf7-form-control-wrap\" data-name=\"joindrefichier1\"><input size=\"40\" class=\"wpcf7-form-control wpcf7-file\" accept=\"audio\/*,video\/*,image\/*\" aria-invalid=\"false\" type=\"file\" name=\"joindrefichier1\" \/><\/span><\/label>\n<\/p>\n<p><input class=\"wpcf7-form-control wpcf7-submit has-spinner\" type=\"submit\" value=\"Envoyer\" \/>\n<\/p><div class=\"wpcf7-response-output\" aria-hidden=\"true\"><\/div>\n<\/form>\n<\/div>\n\n","protected":false},"excerpt":{"rendered":"<p>Avec une client\u00e8le essentiellement compos\u00e9e de particuliers, de collectivit\u00e9s, architectes et institutionnels, nous nous effor\u00e7ons de pratiquer les tarifs les plus comp\u00e9titifs, et de vous donner satisfaction dans des d\u00e9lais restreints. Aussi n\u2019h\u00e9sitez pas \u00e0 nous faire part de vos imp\u00e9ratifs et \u00e0 nous donner le plus de d\u00e9tails possibles, afin que nous soyons en [&hellip;]<\/p>\n","protected":false},"author":1,"featured_media":0,"parent":0,"menu_order":0,"comment_status":"closed","ping_status":"closed","template":"","meta":{"footnotes":""},"class_list":["post-83","page","type-page","status-publish","hentry"],"yoast_head":"<!-- This site is optimized with the Yoast SEO plugin v26.5 - https:\/\/yoast.com\/wordpress\/plugins\/seo\/ -->\n<title>Demande de devis - Cabinet Alexis Meunier - G\u00e9om\u00e8tre Expert<\/title>\n<meta name=\"robots\" content=\"index, follow, max-snippet:-1, max-image-preview:large, max-video-preview:-1\" \/>\n<link rel=\"canonical\" href=\"https:\/\/meunier-geometre-expert.fr\/index.php\/votre-projet\/\" \/>\n<meta property=\"og:locale\" content=\"fr_FR\" \/>\n<meta property=\"og:type\" content=\"article\" \/>\n<meta property=\"og:title\" content=\"Demande de devis - Cabinet Alexis Meunier - G\u00e9om\u00e8tre Expert\" \/>\n<meta property=\"og:description\" content=\"Avec une client\u00e8le essentiellement compos\u00e9e de particuliers, de collectivit\u00e9s, architectes et institutionnels, nous nous effor\u00e7ons de pratiquer les tarifs les plus comp\u00e9titifs, et de vous donner satisfaction dans des d\u00e9lais restreints. Aussi n\u2019h\u00e9sitez pas \u00e0 nous faire part de vos imp\u00e9ratifs et \u00e0 nous donner le plus de d\u00e9tails possibles, afin que nous soyons en [&hellip;]\" \/>\n<meta property=\"og:url\" content=\"https:\/\/meunier-geometre-expert.fr\/index.php\/votre-projet\/\" \/>\n<meta property=\"og:site_name\" content=\"Cabinet Alexis Meunier - G\u00e9om\u00e8tre Expert\" \/>\n<meta property=\"article:modified_time\" content=\"2024-01-05T16:54:41+00:00\" \/>\n<meta name=\"twitter:card\" content=\"summary_large_image\" \/>\n<script type=\"application\/ld+json\" class=\"yoast-schema-graph\">{\"@context\":\"https:\/\/schema.org\",\"@graph\":[{\"@type\":\"WebPage\",\"@id\":\"https:\/\/meunier-geometre-expert.fr\/index.php\/votre-projet\/\",\"url\":\"https:\/\/meunier-geometre-expert.fr\/index.php\/votre-projet\/\",\"name\":\"Demande de devis - Cabinet Alexis Meunier - G\u00e9om\u00e8tre Expert\",\"isPartOf\":{\"@id\":\"https:\/\/meunier-geometre-expert.fr\/#website\"},\"datePublished\":\"2023-11-01T09:46:20+00:00\",\"dateModified\":\"2024-01-05T16:54:41+00:00\",\"breadcrumb\":{\"@id\":\"https:\/\/meunier-geometre-expert.fr\/index.php\/votre-projet\/#breadcrumb\"},\"inLanguage\":\"fr-FR\",\"potentialAction\":[{\"@type\":\"ReadAction\",\"target\":[\"https:\/\/meunier-geometre-expert.fr\/index.php\/votre-projet\/\"]}]},{\"@type\":\"BreadcrumbList\",\"@id\":\"https:\/\/meunier-geometre-expert.fr\/index.php\/votre-projet\/#breadcrumb\",\"itemListElement\":[{\"@type\":\"ListItem\",\"position\":1,\"name\":\"Accueil\",\"item\":\"https:\/\/meunier-geometre-expert.fr\/\"},{\"@type\":\"ListItem\",\"position\":2,\"name\":\"Demande de devis\"}]},{\"@type\":\"WebSite\",\"@id\":\"https:\/\/meunier-geometre-expert.fr\/#website\",\"url\":\"https:\/\/meunier-geometre-expert.fr\/\",\"name\":\"Cabinet Alexis Meunier - G\u00e9om\u00e8tre Expert\",\"description\":\"Le cabinet Alexis Meunier, expert g\u00e9om\u00e8tre sur Luxeuil en Haute-Sa\u00f4ne, vous propose son savoir-faire pour tous vos projets.\",\"publisher\":{\"@id\":\"https:\/\/meunier-geometre-expert.fr\/#organization\"},\"potentialAction\":[{\"@type\":\"SearchAction\",\"target\":{\"@type\":\"EntryPoint\",\"urlTemplate\":\"https:\/\/meunier-geometre-expert.fr\/?s={search_term_string}\"},\"query-input\":{\"@type\":\"PropertyValueSpecification\",\"valueRequired\":true,\"valueName\":\"search_term_string\"}}],\"inLanguage\":\"fr-FR\"},{\"@type\":\"Organization\",\"@id\":\"https:\/\/meunier-geometre-expert.fr\/#organization\",\"name\":\"Cabinet Alexis Meunier - G\u00e9om\u00e8tre Expert\",\"url\":\"https:\/\/meunier-geometre-expert.fr\/\",\"logo\":{\"@type\":\"ImageObject\",\"inLanguage\":\"fr-FR\",\"@id\":\"https:\/\/meunier-geometre-expert.fr\/#\/schema\/logo\/image\/\",\"url\":\"https:\/\/meunier-geometre-expert.fr\/wp-content\/uploads\/2023\/11\/cropped-Alexis-MEUNIER-logo-10_2023_blanc.png\",\"contentUrl\":\"https:\/\/meunier-geometre-expert.fr\/wp-content\/uploads\/2023\/11\/cropped-Alexis-MEUNIER-logo-10_2023_blanc.png\",\"width\":912,\"height\":569,\"caption\":\"Cabinet Alexis Meunier - G\u00e9om\u00e8tre Expert\"},\"image\":{\"@id\":\"https:\/\/meunier-geometre-expert.fr\/#\/schema\/logo\/image\/\"}}]}<\/script>\n<!-- \/ Yoast SEO plugin. -->","yoast_head_json":{"title":"Demande de devis - Cabinet Alexis Meunier - G\u00e9om\u00e8tre Expert","robots":{"index":"index","follow":"follow","max-snippet":"max-snippet:-1","max-image-preview":"max-image-preview:large","max-video-preview":"max-video-preview:-1"},"canonical":"https:\/\/meunier-geometre-expert.fr\/index.php\/votre-projet\/","og_locale":"fr_FR","og_type":"article","og_title":"Demande de devis - Cabinet Alexis Meunier - G\u00e9om\u00e8tre Expert","og_description":"Avec une client\u00e8le essentiellement compos\u00e9e de particuliers, de collectivit\u00e9s, architectes et institutionnels, nous nous effor\u00e7ons de pratiquer les tarifs les plus comp\u00e9titifs, et de vous donner satisfaction dans des d\u00e9lais restreints. Aussi n\u2019h\u00e9sitez pas \u00e0 nous faire part de vos imp\u00e9ratifs et \u00e0 nous donner le plus de d\u00e9tails possibles, afin que nous soyons en [&hellip;]","og_url":"https:\/\/meunier-geometre-expert.fr\/index.php\/votre-projet\/","og_site_name":"Cabinet Alexis Meunier - G\u00e9om\u00e8tre Expert","article_modified_time":"2024-01-05T16:54:41+00:00","twitter_card":"summary_large_image","schema":{"@context":"https:\/\/schema.org","@graph":[{"@type":"WebPage","@id":"https:\/\/meunier-geometre-expert.fr\/index.php\/votre-projet\/","url":"https:\/\/meunier-geometre-expert.fr\/index.php\/votre-projet\/","name":"Demande de devis - Cabinet Alexis Meunier - G\u00e9om\u00e8tre Expert","isPartOf":{"@id":"https:\/\/meunier-geometre-expert.fr\/#website"},"datePublished":"2023-11-01T09:46:20+00:00","dateModified":"2024-01-05T16:54:41+00:00","breadcrumb":{"@id":"https:\/\/meunier-geometre-expert.fr\/index.php\/votre-projet\/#breadcrumb"},"inLanguage":"fr-FR","potentialAction":[{"@type":"ReadAction","target":["https:\/\/meunier-geometre-expert.fr\/index.php\/votre-projet\/"]}]},{"@type":"BreadcrumbList","@id":"https:\/\/meunier-geometre-expert.fr\/index.php\/votre-projet\/#breadcrumb","itemListElement":[{"@type":"ListItem","position":1,"name":"Accueil","item":"https:\/\/meunier-geometre-expert.fr\/"},{"@type":"ListItem","position":2,"name":"Demande de devis"}]},{"@type":"WebSite","@id":"https:\/\/meunier-geometre-expert.fr\/#website","url":"https:\/\/meunier-geometre-expert.fr\/","name":"Cabinet Alexis Meunier - G\u00e9om\u00e8tre Expert","description":"Le cabinet Alexis Meunier, expert g\u00e9om\u00e8tre sur Luxeuil en Haute-Sa\u00f4ne, vous propose son savoir-faire pour tous vos projets.","publisher":{"@id":"https:\/\/meunier-geometre-expert.fr\/#organization"},"potentialAction":[{"@type":"SearchAction","target":{"@type":"EntryPoint","urlTemplate":"https:\/\/meunier-geometre-expert.fr\/?s={search_term_string}"},"query-input":{"@type":"PropertyValueSpecification","valueRequired":true,"valueName":"search_term_string"}}],"inLanguage":"fr-FR"},{"@type":"Organization","@id":"https:\/\/meunier-geometre-expert.fr\/#organization","name":"Cabinet Alexis Meunier - G\u00e9om\u00e8tre Expert","url":"https:\/\/meunier-geometre-expert.fr\/","logo":{"@type":"ImageObject","inLanguage":"fr-FR","@id":"https:\/\/meunier-geometre-expert.fr\/#\/schema\/logo\/image\/","url":"https:\/\/meunier-geometre-expert.fr\/wp-content\/uploads\/2023\/11\/cropped-Alexis-MEUNIER-logo-10_2023_blanc.png","contentUrl":"https:\/\/meunier-geometre-expert.fr\/wp-content\/uploads\/2023\/11\/cropped-Alexis-MEUNIER-logo-10_2023_blanc.png","width":912,"height":569,"caption":"Cabinet Alexis Meunier - G\u00e9om\u00e8tre Expert"},"image":{"@id":"https:\/\/meunier-geometre-expert.fr\/#\/schema\/logo\/image\/"}}]}},"_links":{"self":[{"href":"https:\/\/meunier-geometre-expert.fr\/index.php\/wp-json\/wp\/v2\/pages\/83","targetHints":{"allow":["GET"]}}],"collection":[{"href":"https:\/\/meunier-geometre-expert.fr\/index.php\/wp-json\/wp\/v2\/pages"}],"about":[{"href":"https:\/\/meunier-geometre-expert.fr\/index.php\/wp-json\/wp\/v2\/types\/page"}],"author":[{"embeddable":true,"href":"https:\/\/meunier-geometre-expert.fr\/index.php\/wp-json\/wp\/v2\/users\/1"}],"replies":[{"embeddable":true,"href":"https:\/\/meunier-geometre-expert.fr\/index.php\/wp-json\/wp\/v2\/comments?post=83"}],"version-history":[{"count":6,"href":"https:\/\/meunier-geometre-expert.fr\/index.php\/wp-json\/wp\/v2\/pages\/83\/revisions"}],"predecessor-version":[{"id":325,"href":"https:\/\/meunier-geometre-expert.fr\/index.php\/wp-json\/wp\/v2\/pages\/83\/revisions\/325"}],"wp:attachment":[{"href":"https:\/\/meunier-geometre-expert.fr\/index.php\/wp-json\/wp\/v2\/media?parent=83"}],"curies":[{"name":"wp","href":"https:\/\/api.w.org\/{rel}","templated":true}]}}