{"id":7,"date":"2023-11-01T08:26:20","date_gmt":"2023-11-01T07:26:20","guid":{"rendered":"https:\/\/meunier-geometre-expert.fr\/?page_id=7"},"modified":"2024-01-05T10:29:26","modified_gmt":"2024-01-05T09:29:26","slug":"topographie-et-implantation","status":"publish","type":"page","link":"https:\/\/meunier-geometre-expert.fr\/index.php\/topographie-et-implantation\/","title":{"rendered":"Topographie, plan d&rsquo;int\u00e9rieur et implantation"},"content":{"rendered":"\n<p>Nous \u00e9tablissons <strong>les relev\u00e9s et plans topographiques<\/strong> repr\u00e9sentant tous les d\u00e9tails planim\u00e9triques et altim\u00e9triques d&rsquo;un terrain (\u00e0 une date donn\u00e9e) ou d&rsquo;un b\u00e2timent, d&rsquo;une rue&#8230;<\/p>\n\n\n\n<p>Ces documents vous servent de <strong>support <\/strong>pour tous vos projets de construction et d&rsquo;am\u00e9nagement.<\/p>\n\n\n\n<p>Nous \u00e9tablissons \u00e9galement <strong>les relev\u00e9s et les plans de fa\u00e7ades des b\u00e2timents ainsi que ceux d&rsquo;int\u00e9rieurs<\/strong>. Ces documents sont utiles aux architectes pour entreprendre une r\u00e9novation ou une extension. <\/p>\n\n\n\n<figure class=\"wp-block-image size-large\"><img fetchpriority=\"high\" decoding=\"async\" width=\"977\" height=\"1024\" src=\"https:\/\/meunier-geometre-expert.fr\/wp-content\/uploads\/2024\/01\/Facade-977x1024.jpg\" alt=\"\" class=\"wp-image-305\" srcset=\"https:\/\/meunier-geometre-expert.fr\/wp-content\/uploads\/2024\/01\/Facade-977x1024.jpg 977w, https:\/\/meunier-geometre-expert.fr\/wp-content\/uploads\/2024\/01\/Facade-286x300.jpg 286w, https:\/\/meunier-geometre-expert.fr\/wp-content\/uploads\/2024\/01\/Facade-768x805.jpg 768w, https:\/\/meunier-geometre-expert.fr\/wp-content\/uploads\/2024\/01\/Facade-600x629.jpg 600w, https:\/\/meunier-geometre-expert.fr\/wp-content\/uploads\/2024\/01\/Facade.jpg 1111w\" sizes=\"(max-width: 977px) 100vw, 977px\" \/><\/figure>\n","protected":false},"excerpt":{"rendered":"<p>Nous \u00e9tablissons les relev\u00e9s et plans topographiques repr\u00e9sentant tous les d\u00e9tails planim\u00e9triques et altim\u00e9triques d&rsquo;un terrain (\u00e0 une date donn\u00e9e) ou d&rsquo;un b\u00e2timent, d&rsquo;une rue&#8230; Ces documents vous servent de support pour tous vos projets de construction et d&rsquo;am\u00e9nagement. Nous \u00e9tablissons \u00e9galement les relev\u00e9s et les plans de fa\u00e7ades des b\u00e2timents ainsi que ceux d&rsquo;int\u00e9rieurs. [&hellip;]<\/p>\n","protected":false},"author":1,"featured_media":72,"parent":0,"menu_order":0,"comment_status":"closed","ping_status":"closed","template":"","meta":{"footnotes":""},"class_list":["post-7","page","type-page","status-publish","has-post-thumbnail","hentry"],"yoast_head":"<!-- This site is optimized with the Yoast SEO plugin v26.5 - https:\/\/yoast.com\/wordpress\/plugins\/seo\/ -->\n<title>Topographie, plan d&#039;int\u00e9rieur et implantation - Cabinet Alexis Meunier - G\u00e9om\u00e8tre Expert<\/title>\n<meta name=\"robots\" content=\"index, follow, max-snippet:-1, max-image-preview:large, max-video-preview:-1\" \/>\n<link rel=\"canonical\" href=\"https:\/\/meunier-geometre-expert.fr\/index.php\/topographie-et-implantation\/\" \/>\n<meta property=\"og:locale\" content=\"fr_FR\" \/>\n<meta property=\"og:type\" content=\"article\" \/>\n<meta property=\"og:title\" content=\"Topographie, plan d&#039;int\u00e9rieur et implantation - Cabinet Alexis Meunier - G\u00e9om\u00e8tre Expert\" \/>\n<meta property=\"og:description\" content=\"Nous \u00e9tablissons les relev\u00e9s et plans topographiques repr\u00e9sentant tous les d\u00e9tails planim\u00e9triques et altim\u00e9triques d&rsquo;un terrain (\u00e0 une date donn\u00e9e) ou d&rsquo;un b\u00e2timent, d&rsquo;une rue&#8230; Ces documents vous servent de support pour tous vos projets de construction et d&rsquo;am\u00e9nagement. Nous \u00e9tablissons \u00e9galement les relev\u00e9s et les plans de fa\u00e7ades des b\u00e2timents ainsi que ceux d&rsquo;int\u00e9rieurs. [&hellip;]\" \/>\n<meta property=\"og:url\" content=\"https:\/\/meunier-geometre-expert.fr\/index.php\/topographie-et-implantation\/\" \/>\n<meta property=\"og:site_name\" content=\"Cabinet Alexis Meunier - G\u00e9om\u00e8tre Expert\" \/>\n<meta property=\"article:modified_time\" content=\"2024-01-05T09:29:26+00:00\" \/>\n<meta property=\"og:image\" content=\"https:\/\/meunier-geometre-expert.fr\/wp-content\/uploads\/2023\/11\/85dcdba9-e326-43ef-bb70-5de5b2f0456a.jpg\" \/>\n\t<meta property=\"og:image:width\" content=\"740\" \/>\n\t<meta property=\"og:image:height\" content=\"555\" \/>\n\t<meta property=\"og:image:type\" content=\"image\/jpeg\" \/>\n<meta name=\"twitter:card\" content=\"summary_large_image\" \/>\n<script type=\"application\/ld+json\" class=\"yoast-schema-graph\">{\"@context\":\"https:\/\/schema.org\",\"@graph\":[{\"@type\":\"WebPage\",\"@id\":\"https:\/\/meunier-geometre-expert.fr\/index.php\/topographie-et-implantation\/\",\"url\":\"https:\/\/meunier-geometre-expert.fr\/index.php\/topographie-et-implantation\/\",\"name\":\"Topographie, plan d'int\u00e9rieur et implantation - Cabinet Alexis Meunier - G\u00e9om\u00e8tre Expert\",\"isPartOf\":{\"@id\":\"https:\/\/meunier-geometre-expert.fr\/#website\"},\"primaryImageOfPage\":{\"@id\":\"https:\/\/meunier-geometre-expert.fr\/index.php\/topographie-et-implantation\/#primaryimage\"},\"image\":{\"@id\":\"https:\/\/meunier-geometre-expert.fr\/index.php\/topographie-et-implantation\/#primaryimage\"},\"thumbnailUrl\":\"https:\/\/meunier-geometre-expert.fr\/wp-content\/uploads\/2023\/11\/85dcdba9-e326-43ef-bb70-5de5b2f0456a.jpg\",\"datePublished\":\"2023-11-01T07:26:20+00:00\",\"dateModified\":\"2024-01-05T09:29:26+00:00\",\"breadcrumb\":{\"@id\":\"https:\/\/meunier-geometre-expert.fr\/index.php\/topographie-et-implantation\/#breadcrumb\"},\"inLanguage\":\"fr-FR\",\"potentialAction\":[{\"@type\":\"ReadAction\",\"target\":[\"https:\/\/meunier-geometre-expert.fr\/index.php\/topographie-et-implantation\/\"]}]},{\"@type\":\"ImageObject\",\"inLanguage\":\"fr-FR\",\"@id\":\"https:\/\/meunier-geometre-expert.fr\/index.php\/topographie-et-implantation\/#primaryimage\",\"url\":\"https:\/\/meunier-geometre-expert.fr\/wp-content\/uploads\/2023\/11\/85dcdba9-e326-43ef-bb70-5de5b2f0456a.jpg\",\"contentUrl\":\"https:\/\/meunier-geometre-expert.fr\/wp-content\/uploads\/2023\/11\/85dcdba9-e326-43ef-bb70-5de5b2f0456a.jpg\",\"width\":740,\"height\":555},{\"@type\":\"BreadcrumbList\",\"@id\":\"https:\/\/meunier-geometre-expert.fr\/index.php\/topographie-et-implantation\/#breadcrumb\",\"itemListElement\":[{\"@type\":\"ListItem\",\"position\":1,\"name\":\"Accueil\",\"item\":\"https:\/\/meunier-geometre-expert.fr\/\"},{\"@type\":\"ListItem\",\"position\":2,\"name\":\"Topographie, plan d&rsquo;int\u00e9rieur et implantation\"}]},{\"@type\":\"WebSite\",\"@id\":\"https:\/\/meunier-geometre-expert.fr\/#website\",\"url\":\"https:\/\/meunier-geometre-expert.fr\/\",\"name\":\"Cabinet Alexis Meunier - G\u00e9om\u00e8tre Expert\",\"description\":\"Le cabinet Alexis Meunier, expert g\u00e9om\u00e8tre sur Luxeuil en Haute-Sa\u00f4ne, vous propose son savoir-faire pour tous vos projets.\",\"publisher\":{\"@id\":\"https:\/\/meunier-geometre-expert.fr\/#organization\"},\"potentialAction\":[{\"@type\":\"SearchAction\",\"target\":{\"@type\":\"EntryPoint\",\"urlTemplate\":\"https:\/\/meunier-geometre-expert.fr\/?s={search_term_string}\"},\"query-input\":{\"@type\":\"PropertyValueSpecification\",\"valueRequired\":true,\"valueName\":\"search_term_string\"}}],\"inLanguage\":\"fr-FR\"},{\"@type\":\"Organization\",\"@id\":\"https:\/\/meunier-geometre-expert.fr\/#organization\",\"name\":\"Cabinet Alexis Meunier - G\u00e9om\u00e8tre Expert\",\"url\":\"https:\/\/meunier-geometre-expert.fr\/\",\"logo\":{\"@type\":\"ImageObject\",\"inLanguage\":\"fr-FR\",\"@id\":\"https:\/\/meunier-geometre-expert.fr\/#\/schema\/logo\/image\/\",\"url\":\"https:\/\/meunier-geometre-expert.fr\/wp-content\/uploads\/2023\/11\/cropped-Alexis-MEUNIER-logo-10_2023_blanc.png\",\"contentUrl\":\"https:\/\/meunier-geometre-expert.fr\/wp-content\/uploads\/2023\/11\/cropped-Alexis-MEUNIER-logo-10_2023_blanc.png\",\"width\":912,\"height\":569,\"caption\":\"Cabinet Alexis Meunier - G\u00e9om\u00e8tre Expert\"},\"image\":{\"@id\":\"https:\/\/meunier-geometre-expert.fr\/#\/schema\/logo\/image\/\"}}]}<\/script>\n<!-- \/ Yoast SEO plugin. -->","yoast_head_json":{"title":"Topographie, plan d'int\u00e9rieur et implantation - Cabinet Alexis Meunier - G\u00e9om\u00e8tre Expert","robots":{"index":"index","follow":"follow","max-snippet":"max-snippet:-1","max-image-preview":"max-image-preview:large","max-video-preview":"max-video-preview:-1"},"canonical":"https:\/\/meunier-geometre-expert.fr\/index.php\/topographie-et-implantation\/","og_locale":"fr_FR","og_type":"article","og_title":"Topographie, plan d'int\u00e9rieur et implantation - Cabinet Alexis Meunier - G\u00e9om\u00e8tre Expert","og_description":"Nous \u00e9tablissons les relev\u00e9s et plans topographiques repr\u00e9sentant tous les d\u00e9tails planim\u00e9triques et altim\u00e9triques d&rsquo;un terrain (\u00e0 une date donn\u00e9e) ou d&rsquo;un b\u00e2timent, d&rsquo;une rue&#8230; Ces documents vous servent de support pour tous vos projets de construction et d&rsquo;am\u00e9nagement. Nous \u00e9tablissons \u00e9galement les relev\u00e9s et les plans de fa\u00e7ades des b\u00e2timents ainsi que ceux d&rsquo;int\u00e9rieurs. [&hellip;]","og_url":"https:\/\/meunier-geometre-expert.fr\/index.php\/topographie-et-implantation\/","og_site_name":"Cabinet Alexis Meunier - G\u00e9om\u00e8tre Expert","article_modified_time":"2024-01-05T09:29:26+00:00","og_image":[{"width":740,"height":555,"url":"https:\/\/meunier-geometre-expert.fr\/wp-content\/uploads\/2023\/11\/85dcdba9-e326-43ef-bb70-5de5b2f0456a.jpg","type":"image\/jpeg"}],"twitter_card":"summary_large_image","schema":{"@context":"https:\/\/schema.org","@graph":[{"@type":"WebPage","@id":"https:\/\/meunier-geometre-expert.fr\/index.php\/topographie-et-implantation\/","url":"https:\/\/meunier-geometre-expert.fr\/index.php\/topographie-et-implantation\/","name":"Topographie, plan d'int\u00e9rieur et implantation - Cabinet Alexis Meunier - G\u00e9om\u00e8tre Expert","isPartOf":{"@id":"https:\/\/meunier-geometre-expert.fr\/#website"},"primaryImageOfPage":{"@id":"https:\/\/meunier-geometre-expert.fr\/index.php\/topographie-et-implantation\/#primaryimage"},"image":{"@id":"https:\/\/meunier-geometre-expert.fr\/index.php\/topographie-et-implantation\/#primaryimage"},"thumbnailUrl":"https:\/\/meunier-geometre-expert.fr\/wp-content\/uploads\/2023\/11\/85dcdba9-e326-43ef-bb70-5de5b2f0456a.jpg","datePublished":"2023-11-01T07:26:20+00:00","dateModified":"2024-01-05T09:29:26+00:00","breadcrumb":{"@id":"https:\/\/meunier-geometre-expert.fr\/index.php\/topographie-et-implantation\/#breadcrumb"},"inLanguage":"fr-FR","potentialAction":[{"@type":"ReadAction","target":["https:\/\/meunier-geometre-expert.fr\/index.php\/topographie-et-implantation\/"]}]},{"@type":"ImageObject","inLanguage":"fr-FR","@id":"https:\/\/meunier-geometre-expert.fr\/index.php\/topographie-et-implantation\/#primaryimage","url":"https:\/\/meunier-geometre-expert.fr\/wp-content\/uploads\/2023\/11\/85dcdba9-e326-43ef-bb70-5de5b2f0456a.jpg","contentUrl":"https:\/\/meunier-geometre-expert.fr\/wp-content\/uploads\/2023\/11\/85dcdba9-e326-43ef-bb70-5de5b2f0456a.jpg","width":740,"height":555},{"@type":"BreadcrumbList","@id":"https:\/\/meunier-geometre-expert.fr\/index.php\/topographie-et-implantation\/#breadcrumb","itemListElement":[{"@type":"ListItem","position":1,"name":"Accueil","item":"https:\/\/meunier-geometre-expert.fr\/"},{"@type":"ListItem","position":2,"name":"Topographie, plan d&rsquo;int\u00e9rieur et implantation"}]},{"@type":"WebSite","@id":"https:\/\/meunier-geometre-expert.fr\/#website","url":"https:\/\/meunier-geometre-expert.fr\/","name":"Cabinet Alexis Meunier - G\u00e9om\u00e8tre Expert","description":"Le cabinet Alexis Meunier, expert g\u00e9om\u00e8tre sur Luxeuil en Haute-Sa\u00f4ne, vous propose son savoir-faire pour tous vos projets.","publisher":{"@id":"https:\/\/meunier-geometre-expert.fr\/#organization"},"potentialAction":[{"@type":"SearchAction","target":{"@type":"EntryPoint","urlTemplate":"https:\/\/meunier-geometre-expert.fr\/?s={search_term_string}"},"query-input":{"@type":"PropertyValueSpecification","valueRequired":true,"valueName":"search_term_string"}}],"inLanguage":"fr-FR"},{"@type":"Organization","@id":"https:\/\/meunier-geometre-expert.fr\/#organization","name":"Cabinet Alexis Meunier - G\u00e9om\u00e8tre Expert","url":"https:\/\/meunier-geometre-expert.fr\/","logo":{"@type":"ImageObject","inLanguage":"fr-FR","@id":"https:\/\/meunier-geometre-expert.fr\/#\/schema\/logo\/image\/","url":"https:\/\/meunier-geometre-expert.fr\/wp-content\/uploads\/2023\/11\/cropped-Alexis-MEUNIER-logo-10_2023_blanc.png","contentUrl":"https:\/\/meunier-geometre-expert.fr\/wp-content\/uploads\/2023\/11\/cropped-Alexis-MEUNIER-logo-10_2023_blanc.png","width":912,"height":569,"caption":"Cabinet Alexis Meunier - G\u00e9om\u00e8tre Expert"},"image":{"@id":"https:\/\/meunier-geometre-expert.fr\/#\/schema\/logo\/image\/"}}]}},"_links":{"self":[{"href":"https:\/\/meunier-geometre-expert.fr\/index.php\/wp-json\/wp\/v2\/pages\/7","targetHints":{"allow":["GET"]}}],"collection":[{"href":"https:\/\/meunier-geometre-expert.fr\/index.php\/wp-json\/wp\/v2\/pages"}],"about":[{"href":"https:\/\/meunier-geometre-expert.fr\/index.php\/wp-json\/wp\/v2\/types\/page"}],"author":[{"embeddable":true,"href":"https:\/\/meunier-geometre-expert.fr\/index.php\/wp-json\/wp\/v2\/users\/1"}],"replies":[{"embeddable":true,"href":"https:\/\/meunier-geometre-expert.fr\/index.php\/wp-json\/wp\/v2\/comments?post=7"}],"version-history":[{"count":5,"href":"https:\/\/meunier-geometre-expert.fr\/index.php\/wp-json\/wp\/v2\/pages\/7\/revisions"}],"predecessor-version":[{"id":309,"href":"https:\/\/meunier-geometre-expert.fr\/index.php\/wp-json\/wp\/v2\/pages\/7\/revisions\/309"}],"wp:featuredmedia":[{"embeddable":true,"href":"https:\/\/meunier-geometre-expert.fr\/index.php\/wp-json\/wp\/v2\/media\/72"}],"wp:attachment":[{"href":"https:\/\/meunier-geometre-expert.fr\/index.php\/wp-json\/wp\/v2\/media?parent=7"}],"curies":[{"name":"wp","href":"https:\/\/api.w.org\/{rel}","templated":true}]}}