{"id":5,"date":"2023-11-01T08:25:48","date_gmt":"2023-11-01T07:25:48","guid":{"rendered":"https:\/\/meunier-geometre-expert.fr\/?page_id=5"},"modified":"2023-12-25T09:18:26","modified_gmt":"2023-12-25T08:18:26","slug":"bornage-et-division","status":"publish","type":"page","link":"https:\/\/meunier-geometre-expert.fr\/index.php\/bornage-et-division\/","title":{"rendered":"D\u00e9limitation et bornage"},"content":{"rendered":"\n<p>Le bornage est une proc\u00e9dure amiable et contradictoire qui permet de conna\u00eetre de fa\u00e7on pr\u00e9cise les limites de propri\u00e9t\u00e9. Il est r\u00e9alis\u00e9 par le g\u00e9om\u00e8tre-expert en pr\u00e9sence de toutes les parties riveraines de la limite \u00e0 d\u00e9finir.<\/p>\n\n\n\n<p><strong>Le bornage et la reconnaissance de limites se d\u00e9roulent en plusieurs \u00e9tapes : <\/strong><\/p>\n\n\n\n<ul class=\"wp-block-list\">\n<li>Prise de mesure sur le terrain<\/li>\n\n\n\n<li>Recherche des archives, conduite de r\u00e9union contradictoire en pr\u00e9sence des parties sur le terrain et mat\u00e9rialisation des limites<\/li>\n\n\n\n<li>R\u00e9daction du proc\u00e8s-verbal de bornage<\/li>\n\n\n\n<li>Recueil des signatures et envoi des documents d\u00e9finitifs<\/li>\n<\/ul>\n\n\n\n<figure class=\"wp-block-image size-full\"><img fetchpriority=\"high\" decoding=\"async\" width=\"905\" height=\"441\" src=\"https:\/\/meunier-geometre-expert.fr\/wp-content\/uploads\/2023\/12\/Plan-Bornage-1.jpg\" alt=\"\" class=\"wp-image-216\" srcset=\"https:\/\/meunier-geometre-expert.fr\/wp-content\/uploads\/2023\/12\/Plan-Bornage-1.jpg 905w, https:\/\/meunier-geometre-expert.fr\/wp-content\/uploads\/2023\/12\/Plan-Bornage-1-300x146.jpg 300w, https:\/\/meunier-geometre-expert.fr\/wp-content\/uploads\/2023\/12\/Plan-Bornage-1-768x374.jpg 768w, https:\/\/meunier-geometre-expert.fr\/wp-content\/uploads\/2023\/12\/Plan-Bornage-1-600x292.jpg 600w\" sizes=\"(max-width: 905px) 100vw, 905px\" \/><\/figure>\n","protected":false},"excerpt":{"rendered":"<p>Le bornage est une proc\u00e9dure amiable et contradictoire qui permet de conna\u00eetre de fa\u00e7on pr\u00e9cise les limites de propri\u00e9t\u00e9. Il est r\u00e9alis\u00e9 par le g\u00e9om\u00e8tre-expert en pr\u00e9sence de toutes les parties riveraines de la limite \u00e0 d\u00e9finir. Le bornage et la reconnaissance de limites se d\u00e9roulent en plusieurs \u00e9tapes :<\/p>\n","protected":false},"author":1,"featured_media":195,"parent":0,"menu_order":0,"comment_status":"closed","ping_status":"closed","template":"","meta":{"footnotes":""},"class_list":["post-5","page","type-page","status-publish","has-post-thumbnail","hentry"],"yoast_head":"<!-- This site is optimized with the Yoast SEO plugin v26.5 - https:\/\/yoast.com\/wordpress\/plugins\/seo\/ -->\n<title>D\u00e9limitation et bornage - Cabinet Alexis Meunier - G\u00e9om\u00e8tre Expert<\/title>\n<meta name=\"robots\" content=\"index, follow, max-snippet:-1, max-image-preview:large, max-video-preview:-1\" \/>\n<link rel=\"canonical\" href=\"https:\/\/meunier-geometre-expert.fr\/index.php\/bornage-et-division\/\" \/>\n<meta property=\"og:locale\" content=\"fr_FR\" \/>\n<meta property=\"og:type\" content=\"article\" \/>\n<meta property=\"og:title\" content=\"D\u00e9limitation et bornage - Cabinet Alexis Meunier - G\u00e9om\u00e8tre Expert\" \/>\n<meta property=\"og:description\" content=\"Le bornage est une proc\u00e9dure amiable et contradictoire qui permet de conna\u00eetre de fa\u00e7on pr\u00e9cise les limites de propri\u00e9t\u00e9. Il est r\u00e9alis\u00e9 par le g\u00e9om\u00e8tre-expert en pr\u00e9sence de toutes les parties riveraines de la limite \u00e0 d\u00e9finir. Le bornage et la reconnaissance de limites se d\u00e9roulent en plusieurs \u00e9tapes :\" \/>\n<meta property=\"og:url\" content=\"https:\/\/meunier-geometre-expert.fr\/index.php\/bornage-et-division\/\" \/>\n<meta property=\"og:site_name\" content=\"Cabinet Alexis Meunier - G\u00e9om\u00e8tre Expert\" \/>\n<meta property=\"article:modified_time\" content=\"2023-12-25T08:18:26+00:00\" \/>\n<meta property=\"og:image\" content=\"https:\/\/meunier-geometre-expert.fr\/wp-content\/uploads\/2023\/12\/La-lanterne-et-les-armonts-scaled.jpg\" \/>\n\t<meta property=\"og:image:width\" content=\"2560\" \/>\n\t<meta property=\"og:image:height\" content=\"1920\" \/>\n\t<meta property=\"og:image:type\" content=\"image\/jpeg\" \/>\n<meta name=\"twitter:card\" content=\"summary_large_image\" \/>\n<meta name=\"twitter:label1\" content=\"Dur\u00e9e de lecture estim\u00e9e\" \/>\n\t<meta name=\"twitter:data1\" content=\"1 minute\" \/>\n<script type=\"application\/ld+json\" class=\"yoast-schema-graph\">{\"@context\":\"https:\/\/schema.org\",\"@graph\":[{\"@type\":\"WebPage\",\"@id\":\"https:\/\/meunier-geometre-expert.fr\/index.php\/bornage-et-division\/\",\"url\":\"https:\/\/meunier-geometre-expert.fr\/index.php\/bornage-et-division\/\",\"name\":\"D\u00e9limitation et bornage - Cabinet Alexis Meunier - G\u00e9om\u00e8tre Expert\",\"isPartOf\":{\"@id\":\"https:\/\/meunier-geometre-expert.fr\/#website\"},\"primaryImageOfPage\":{\"@id\":\"https:\/\/meunier-geometre-expert.fr\/index.php\/bornage-et-division\/#primaryimage\"},\"image\":{\"@id\":\"https:\/\/meunier-geometre-expert.fr\/index.php\/bornage-et-division\/#primaryimage\"},\"thumbnailUrl\":\"https:\/\/meunier-geometre-expert.fr\/wp-content\/uploads\/2023\/12\/La-lanterne-et-les-armonts-scaled.jpg\",\"datePublished\":\"2023-11-01T07:25:48+00:00\",\"dateModified\":\"2023-12-25T08:18:26+00:00\",\"breadcrumb\":{\"@id\":\"https:\/\/meunier-geometre-expert.fr\/index.php\/bornage-et-division\/#breadcrumb\"},\"inLanguage\":\"fr-FR\",\"potentialAction\":[{\"@type\":\"ReadAction\",\"target\":[\"https:\/\/meunier-geometre-expert.fr\/index.php\/bornage-et-division\/\"]}]},{\"@type\":\"ImageObject\",\"inLanguage\":\"fr-FR\",\"@id\":\"https:\/\/meunier-geometre-expert.fr\/index.php\/bornage-et-division\/#primaryimage\",\"url\":\"https:\/\/meunier-geometre-expert.fr\/wp-content\/uploads\/2023\/12\/La-lanterne-et-les-armonts-scaled.jpg\",\"contentUrl\":\"https:\/\/meunier-geometre-expert.fr\/wp-content\/uploads\/2023\/12\/La-lanterne-et-les-armonts-scaled.jpg\",\"width\":2560,\"height\":1920},{\"@type\":\"BreadcrumbList\",\"@id\":\"https:\/\/meunier-geometre-expert.fr\/index.php\/bornage-et-division\/#breadcrumb\",\"itemListElement\":[{\"@type\":\"ListItem\",\"position\":1,\"name\":\"Accueil\",\"item\":\"https:\/\/meunier-geometre-expert.fr\/\"},{\"@type\":\"ListItem\",\"position\":2,\"name\":\"D\u00e9limitation et bornage\"}]},{\"@type\":\"WebSite\",\"@id\":\"https:\/\/meunier-geometre-expert.fr\/#website\",\"url\":\"https:\/\/meunier-geometre-expert.fr\/\",\"name\":\"Cabinet Alexis Meunier - G\u00e9om\u00e8tre Expert\",\"description\":\"Le cabinet Alexis Meunier, expert g\u00e9om\u00e8tre sur Luxeuil en Haute-Sa\u00f4ne, vous propose son savoir-faire pour tous vos projets.\",\"publisher\":{\"@id\":\"https:\/\/meunier-geometre-expert.fr\/#organization\"},\"potentialAction\":[{\"@type\":\"SearchAction\",\"target\":{\"@type\":\"EntryPoint\",\"urlTemplate\":\"https:\/\/meunier-geometre-expert.fr\/?s={search_term_string}\"},\"query-input\":{\"@type\":\"PropertyValueSpecification\",\"valueRequired\":true,\"valueName\":\"search_term_string\"}}],\"inLanguage\":\"fr-FR\"},{\"@type\":\"Organization\",\"@id\":\"https:\/\/meunier-geometre-expert.fr\/#organization\",\"name\":\"Cabinet Alexis Meunier - G\u00e9om\u00e8tre Expert\",\"url\":\"https:\/\/meunier-geometre-expert.fr\/\",\"logo\":{\"@type\":\"ImageObject\",\"inLanguage\":\"fr-FR\",\"@id\":\"https:\/\/meunier-geometre-expert.fr\/#\/schema\/logo\/image\/\",\"url\":\"https:\/\/meunier-geometre-expert.fr\/wp-content\/uploads\/2023\/11\/cropped-Alexis-MEUNIER-logo-10_2023_blanc.png\",\"contentUrl\":\"https:\/\/meunier-geometre-expert.fr\/wp-content\/uploads\/2023\/11\/cropped-Alexis-MEUNIER-logo-10_2023_blanc.png\",\"width\":912,\"height\":569,\"caption\":\"Cabinet Alexis Meunier - G\u00e9om\u00e8tre Expert\"},\"image\":{\"@id\":\"https:\/\/meunier-geometre-expert.fr\/#\/schema\/logo\/image\/\"}}]}<\/script>\n<!-- \/ Yoast SEO plugin. -->","yoast_head_json":{"title":"D\u00e9limitation et bornage - Cabinet Alexis Meunier - G\u00e9om\u00e8tre Expert","robots":{"index":"index","follow":"follow","max-snippet":"max-snippet:-1","max-image-preview":"max-image-preview:large","max-video-preview":"max-video-preview:-1"},"canonical":"https:\/\/meunier-geometre-expert.fr\/index.php\/bornage-et-division\/","og_locale":"fr_FR","og_type":"article","og_title":"D\u00e9limitation et bornage - Cabinet Alexis Meunier - G\u00e9om\u00e8tre Expert","og_description":"Le bornage est une proc\u00e9dure amiable et contradictoire qui permet de conna\u00eetre de fa\u00e7on pr\u00e9cise les limites de propri\u00e9t\u00e9. Il est r\u00e9alis\u00e9 par le g\u00e9om\u00e8tre-expert en pr\u00e9sence de toutes les parties riveraines de la limite \u00e0 d\u00e9finir. Le bornage et la reconnaissance de limites se d\u00e9roulent en plusieurs \u00e9tapes :","og_url":"https:\/\/meunier-geometre-expert.fr\/index.php\/bornage-et-division\/","og_site_name":"Cabinet Alexis Meunier - G\u00e9om\u00e8tre Expert","article_modified_time":"2023-12-25T08:18:26+00:00","og_image":[{"width":2560,"height":1920,"url":"https:\/\/meunier-geometre-expert.fr\/wp-content\/uploads\/2023\/12\/La-lanterne-et-les-armonts-scaled.jpg","type":"image\/jpeg"}],"twitter_card":"summary_large_image","twitter_misc":{"Dur\u00e9e de lecture estim\u00e9e":"1 minute"},"schema":{"@context":"https:\/\/schema.org","@graph":[{"@type":"WebPage","@id":"https:\/\/meunier-geometre-expert.fr\/index.php\/bornage-et-division\/","url":"https:\/\/meunier-geometre-expert.fr\/index.php\/bornage-et-division\/","name":"D\u00e9limitation et bornage - Cabinet Alexis Meunier - G\u00e9om\u00e8tre Expert","isPartOf":{"@id":"https:\/\/meunier-geometre-expert.fr\/#website"},"primaryImageOfPage":{"@id":"https:\/\/meunier-geometre-expert.fr\/index.php\/bornage-et-division\/#primaryimage"},"image":{"@id":"https:\/\/meunier-geometre-expert.fr\/index.php\/bornage-et-division\/#primaryimage"},"thumbnailUrl":"https:\/\/meunier-geometre-expert.fr\/wp-content\/uploads\/2023\/12\/La-lanterne-et-les-armonts-scaled.jpg","datePublished":"2023-11-01T07:25:48+00:00","dateModified":"2023-12-25T08:18:26+00:00","breadcrumb":{"@id":"https:\/\/meunier-geometre-expert.fr\/index.php\/bornage-et-division\/#breadcrumb"},"inLanguage":"fr-FR","potentialAction":[{"@type":"ReadAction","target":["https:\/\/meunier-geometre-expert.fr\/index.php\/bornage-et-division\/"]}]},{"@type":"ImageObject","inLanguage":"fr-FR","@id":"https:\/\/meunier-geometre-expert.fr\/index.php\/bornage-et-division\/#primaryimage","url":"https:\/\/meunier-geometre-expert.fr\/wp-content\/uploads\/2023\/12\/La-lanterne-et-les-armonts-scaled.jpg","contentUrl":"https:\/\/meunier-geometre-expert.fr\/wp-content\/uploads\/2023\/12\/La-lanterne-et-les-armonts-scaled.jpg","width":2560,"height":1920},{"@type":"BreadcrumbList","@id":"https:\/\/meunier-geometre-expert.fr\/index.php\/bornage-et-division\/#breadcrumb","itemListElement":[{"@type":"ListItem","position":1,"name":"Accueil","item":"https:\/\/meunier-geometre-expert.fr\/"},{"@type":"ListItem","position":2,"name":"D\u00e9limitation et bornage"}]},{"@type":"WebSite","@id":"https:\/\/meunier-geometre-expert.fr\/#website","url":"https:\/\/meunier-geometre-expert.fr\/","name":"Cabinet Alexis Meunier - G\u00e9om\u00e8tre Expert","description":"Le cabinet Alexis Meunier, expert g\u00e9om\u00e8tre sur Luxeuil en Haute-Sa\u00f4ne, vous propose son savoir-faire pour tous vos projets.","publisher":{"@id":"https:\/\/meunier-geometre-expert.fr\/#organization"},"potentialAction":[{"@type":"SearchAction","target":{"@type":"EntryPoint","urlTemplate":"https:\/\/meunier-geometre-expert.fr\/?s={search_term_string}"},"query-input":{"@type":"PropertyValueSpecification","valueRequired":true,"valueName":"search_term_string"}}],"inLanguage":"fr-FR"},{"@type":"Organization","@id":"https:\/\/meunier-geometre-expert.fr\/#organization","name":"Cabinet Alexis Meunier - G\u00e9om\u00e8tre Expert","url":"https:\/\/meunier-geometre-expert.fr\/","logo":{"@type":"ImageObject","inLanguage":"fr-FR","@id":"https:\/\/meunier-geometre-expert.fr\/#\/schema\/logo\/image\/","url":"https:\/\/meunier-geometre-expert.fr\/wp-content\/uploads\/2023\/11\/cropped-Alexis-MEUNIER-logo-10_2023_blanc.png","contentUrl":"https:\/\/meunier-geometre-expert.fr\/wp-content\/uploads\/2023\/11\/cropped-Alexis-MEUNIER-logo-10_2023_blanc.png","width":912,"height":569,"caption":"Cabinet Alexis Meunier - G\u00e9om\u00e8tre Expert"},"image":{"@id":"https:\/\/meunier-geometre-expert.fr\/#\/schema\/logo\/image\/"}}]}},"_links":{"self":[{"href":"https:\/\/meunier-geometre-expert.fr\/index.php\/wp-json\/wp\/v2\/pages\/5","targetHints":{"allow":["GET"]}}],"collection":[{"href":"https:\/\/meunier-geometre-expert.fr\/index.php\/wp-json\/wp\/v2\/pages"}],"about":[{"href":"https:\/\/meunier-geometre-expert.fr\/index.php\/wp-json\/wp\/v2\/types\/page"}],"author":[{"embeddable":true,"href":"https:\/\/meunier-geometre-expert.fr\/index.php\/wp-json\/wp\/v2\/users\/1"}],"replies":[{"embeddable":true,"href":"https:\/\/meunier-geometre-expert.fr\/index.php\/wp-json\/wp\/v2\/comments?post=5"}],"version-history":[{"count":5,"href":"https:\/\/meunier-geometre-expert.fr\/index.php\/wp-json\/wp\/v2\/pages\/5\/revisions"}],"predecessor-version":[{"id":258,"href":"https:\/\/meunier-geometre-expert.fr\/index.php\/wp-json\/wp\/v2\/pages\/5\/revisions\/258"}],"wp:featuredmedia":[{"embeddable":true,"href":"https:\/\/meunier-geometre-expert.fr\/index.php\/wp-json\/wp\/v2\/media\/195"}],"wp:attachment":[{"href":"https:\/\/meunier-geometre-expert.fr\/index.php\/wp-json\/wp\/v2\/media?parent=5"}],"curies":[{"name":"wp","href":"https:\/\/api.w.org\/{rel}","templated":true}]}}