{"id":11,"date":"2023-11-01T08:28:04","date_gmt":"2023-11-01T07:28:04","guid":{"rendered":"https:\/\/meunier-geometre-expert.fr\/?page_id=11"},"modified":"2024-01-11T15:32:30","modified_gmt":"2024-01-11T14:32:30","slug":"copropriete-et-loi-carrez","status":"publish","type":"page","link":"https:\/\/meunier-geometre-expert.fr\/index.php\/copropriete-et-loi-carrez\/","title":{"rendered":"Copropri\u00e9t\u00e9, loi Carrez et division en volume"},"content":{"rendered":"\n<p>Lorsqu&rsquo;un immeuble b\u00e2ti est compos\u00e9 de plusieurs appartements appartenant \u00e0 plusieurs propri\u00e9taires, la mise en place d&rsquo;une copropri\u00e9t\u00e9 est indispensable.<\/p>\n\n\n\n<p><strong>Notre cabinet \u00e9tablit pour vous, conjointement avec votre notaire, les pi\u00e8ces n\u00e9cessaires \u00e0 la cr\u00e9ation de la copropri\u00e9t\u00e9 ou \u00e0 sa modification :<\/strong><\/p>\n\n\n\n<ul class=\"wp-block-list\">\n<li>Analyse des lieux et identifications des parties privatives et communes<\/li>\n\n\n\n<li>Etude des documents existants<\/li>\n\n\n\n<li>Relev\u00e9s int\u00e9rieurs et ext\u00e9rieurs du b\u00e2timent<\/li>\n\n\n\n<li>Etablissement des plans<\/li>\n\n\n\n<li>Calcul des milli\u00e8mes<\/li>\n\n\n\n<li>Etablissement de l&rsquo;\u00e9tat descriptif  de division<\/li>\n\n\n\n<li>Calcul des superficies dites loi Carrez<\/li>\n<\/ul>\n\n\n\n<figure class=\"wp-block-image size-full\"><img fetchpriority=\"high\" decoding=\"async\" width=\"759\" height=\"611\" src=\"https:\/\/meunier-geometre-expert.fr\/wp-content\/uploads\/2024\/01\/Copro-1.jpg\" alt=\"\" class=\"wp-image-349\" srcset=\"https:\/\/meunier-geometre-expert.fr\/wp-content\/uploads\/2024\/01\/Copro-1.jpg 759w, https:\/\/meunier-geometre-expert.fr\/wp-content\/uploads\/2024\/01\/Copro-1-300x242.jpg 300w, https:\/\/meunier-geometre-expert.fr\/wp-content\/uploads\/2024\/01\/Copro-1-600x483.jpg 600w\" sizes=\"(max-width: 759px) 100vw, 759px\" \/><\/figure>\n","protected":false},"excerpt":{"rendered":"<p>Lorsqu&rsquo;un immeuble b\u00e2ti est compos\u00e9 de plusieurs appartements appartenant \u00e0 plusieurs propri\u00e9taires, la mise en place d&rsquo;une copropri\u00e9t\u00e9 est indispensable. Notre cabinet \u00e9tablit pour vous, conjointement avec votre notaire, les pi\u00e8ces n\u00e9cessaires \u00e0 la cr\u00e9ation de la copropri\u00e9t\u00e9 ou \u00e0 sa modification :<\/p>\n","protected":false},"author":1,"featured_media":0,"parent":0,"menu_order":0,"comment_status":"closed","ping_status":"closed","template":"","meta":{"footnotes":""},"class_list":["post-11","page","type-page","status-publish","hentry"],"yoast_head":"<!-- This site is optimized with the Yoast SEO plugin v26.5 - https:\/\/yoast.com\/wordpress\/plugins\/seo\/ -->\n<title>Copropri\u00e9t\u00e9, loi Carrez et division en volume - Cabinet Alexis Meunier - G\u00e9om\u00e8tre Expert<\/title>\n<meta name=\"robots\" content=\"index, follow, max-snippet:-1, max-image-preview:large, max-video-preview:-1\" \/>\n<link rel=\"canonical\" href=\"https:\/\/meunier-geometre-expert.fr\/index.php\/copropriete-et-loi-carrez\/\" \/>\n<meta property=\"og:locale\" content=\"fr_FR\" \/>\n<meta property=\"og:type\" content=\"article\" \/>\n<meta property=\"og:title\" content=\"Copropri\u00e9t\u00e9, loi Carrez et division en volume - Cabinet Alexis Meunier - G\u00e9om\u00e8tre Expert\" \/>\n<meta property=\"og:description\" content=\"Lorsqu&rsquo;un immeuble b\u00e2ti est compos\u00e9 de plusieurs appartements appartenant \u00e0 plusieurs propri\u00e9taires, la mise en place d&rsquo;une copropri\u00e9t\u00e9 est indispensable. Notre cabinet \u00e9tablit pour vous, conjointement avec votre notaire, les pi\u00e8ces n\u00e9cessaires \u00e0 la cr\u00e9ation de la copropri\u00e9t\u00e9 ou \u00e0 sa modification :\" \/>\n<meta property=\"og:url\" content=\"https:\/\/meunier-geometre-expert.fr\/index.php\/copropriete-et-loi-carrez\/\" \/>\n<meta property=\"og:site_name\" content=\"Cabinet Alexis Meunier - G\u00e9om\u00e8tre Expert\" \/>\n<meta property=\"article:modified_time\" content=\"2024-01-11T14:32:30+00:00\" \/>\n<meta property=\"og:image\" content=\"https:\/\/meunier-geometre-expert.fr\/wp-content\/uploads\/2024\/01\/Copro-1.jpg\" \/>\n<meta name=\"twitter:card\" content=\"summary_large_image\" \/>\n<meta name=\"twitter:label1\" content=\"Dur\u00e9e de lecture estim\u00e9e\" \/>\n\t<meta name=\"twitter:data1\" content=\"1 minute\" \/>\n<script type=\"application\/ld+json\" class=\"yoast-schema-graph\">{\"@context\":\"https:\/\/schema.org\",\"@graph\":[{\"@type\":\"WebPage\",\"@id\":\"https:\/\/meunier-geometre-expert.fr\/index.php\/copropriete-et-loi-carrez\/\",\"url\":\"https:\/\/meunier-geometre-expert.fr\/index.php\/copropriete-et-loi-carrez\/\",\"name\":\"Copropri\u00e9t\u00e9, loi Carrez et division en volume - Cabinet Alexis Meunier - G\u00e9om\u00e8tre Expert\",\"isPartOf\":{\"@id\":\"https:\/\/meunier-geometre-expert.fr\/#website\"},\"primaryImageOfPage\":{\"@id\":\"https:\/\/meunier-geometre-expert.fr\/index.php\/copropriete-et-loi-carrez\/#primaryimage\"},\"image\":{\"@id\":\"https:\/\/meunier-geometre-expert.fr\/index.php\/copropriete-et-loi-carrez\/#primaryimage\"},\"thumbnailUrl\":\"https:\/\/meunier-geometre-expert.fr\/wp-content\/uploads\/2024\/01\/Copro-1.jpg\",\"datePublished\":\"2023-11-01T07:28:04+00:00\",\"dateModified\":\"2024-01-11T14:32:30+00:00\",\"breadcrumb\":{\"@id\":\"https:\/\/meunier-geometre-expert.fr\/index.php\/copropriete-et-loi-carrez\/#breadcrumb\"},\"inLanguage\":\"fr-FR\",\"potentialAction\":[{\"@type\":\"ReadAction\",\"target\":[\"https:\/\/meunier-geometre-expert.fr\/index.php\/copropriete-et-loi-carrez\/\"]}]},{\"@type\":\"ImageObject\",\"inLanguage\":\"fr-FR\",\"@id\":\"https:\/\/meunier-geometre-expert.fr\/index.php\/copropriete-et-loi-carrez\/#primaryimage\",\"url\":\"https:\/\/meunier-geometre-expert.fr\/wp-content\/uploads\/2024\/01\/Copro-1.jpg\",\"contentUrl\":\"https:\/\/meunier-geometre-expert.fr\/wp-content\/uploads\/2024\/01\/Copro-1.jpg\",\"width\":759,\"height\":611},{\"@type\":\"BreadcrumbList\",\"@id\":\"https:\/\/meunier-geometre-expert.fr\/index.php\/copropriete-et-loi-carrez\/#breadcrumb\",\"itemListElement\":[{\"@type\":\"ListItem\",\"position\":1,\"name\":\"Accueil\",\"item\":\"https:\/\/meunier-geometre-expert.fr\/\"},{\"@type\":\"ListItem\",\"position\":2,\"name\":\"Copropri\u00e9t\u00e9, loi Carrez et division en volume\"}]},{\"@type\":\"WebSite\",\"@id\":\"https:\/\/meunier-geometre-expert.fr\/#website\",\"url\":\"https:\/\/meunier-geometre-expert.fr\/\",\"name\":\"Cabinet Alexis Meunier - G\u00e9om\u00e8tre Expert\",\"description\":\"Le cabinet Alexis Meunier, expert g\u00e9om\u00e8tre sur Luxeuil en Haute-Sa\u00f4ne, vous propose son savoir-faire pour tous vos projets.\",\"publisher\":{\"@id\":\"https:\/\/meunier-geometre-expert.fr\/#organization\"},\"potentialAction\":[{\"@type\":\"SearchAction\",\"target\":{\"@type\":\"EntryPoint\",\"urlTemplate\":\"https:\/\/meunier-geometre-expert.fr\/?s={search_term_string}\"},\"query-input\":{\"@type\":\"PropertyValueSpecification\",\"valueRequired\":true,\"valueName\":\"search_term_string\"}}],\"inLanguage\":\"fr-FR\"},{\"@type\":\"Organization\",\"@id\":\"https:\/\/meunier-geometre-expert.fr\/#organization\",\"name\":\"Cabinet Alexis Meunier - G\u00e9om\u00e8tre Expert\",\"url\":\"https:\/\/meunier-geometre-expert.fr\/\",\"logo\":{\"@type\":\"ImageObject\",\"inLanguage\":\"fr-FR\",\"@id\":\"https:\/\/meunier-geometre-expert.fr\/#\/schema\/logo\/image\/\",\"url\":\"https:\/\/meunier-geometre-expert.fr\/wp-content\/uploads\/2023\/11\/cropped-Alexis-MEUNIER-logo-10_2023_blanc.png\",\"contentUrl\":\"https:\/\/meunier-geometre-expert.fr\/wp-content\/uploads\/2023\/11\/cropped-Alexis-MEUNIER-logo-10_2023_blanc.png\",\"width\":912,\"height\":569,\"caption\":\"Cabinet Alexis Meunier - G\u00e9om\u00e8tre Expert\"},\"image\":{\"@id\":\"https:\/\/meunier-geometre-expert.fr\/#\/schema\/logo\/image\/\"}}]}<\/script>\n<!-- \/ Yoast SEO plugin. -->","yoast_head_json":{"title":"Copropri\u00e9t\u00e9, loi Carrez et division en volume - Cabinet Alexis Meunier - G\u00e9om\u00e8tre Expert","robots":{"index":"index","follow":"follow","max-snippet":"max-snippet:-1","max-image-preview":"max-image-preview:large","max-video-preview":"max-video-preview:-1"},"canonical":"https:\/\/meunier-geometre-expert.fr\/index.php\/copropriete-et-loi-carrez\/","og_locale":"fr_FR","og_type":"article","og_title":"Copropri\u00e9t\u00e9, loi Carrez et division en volume - Cabinet Alexis Meunier - G\u00e9om\u00e8tre Expert","og_description":"Lorsqu&rsquo;un immeuble b\u00e2ti est compos\u00e9 de plusieurs appartements appartenant \u00e0 plusieurs propri\u00e9taires, la mise en place d&rsquo;une copropri\u00e9t\u00e9 est indispensable. Notre cabinet \u00e9tablit pour vous, conjointement avec votre notaire, les pi\u00e8ces n\u00e9cessaires \u00e0 la cr\u00e9ation de la copropri\u00e9t\u00e9 ou \u00e0 sa modification :","og_url":"https:\/\/meunier-geometre-expert.fr\/index.php\/copropriete-et-loi-carrez\/","og_site_name":"Cabinet Alexis Meunier - G\u00e9om\u00e8tre Expert","article_modified_time":"2024-01-11T14:32:30+00:00","og_image":[{"url":"https:\/\/meunier-geometre-expert.fr\/wp-content\/uploads\/2024\/01\/Copro-1.jpg","type":"","width":"","height":""}],"twitter_card":"summary_large_image","twitter_misc":{"Dur\u00e9e de lecture estim\u00e9e":"1 minute"},"schema":{"@context":"https:\/\/schema.org","@graph":[{"@type":"WebPage","@id":"https:\/\/meunier-geometre-expert.fr\/index.php\/copropriete-et-loi-carrez\/","url":"https:\/\/meunier-geometre-expert.fr\/index.php\/copropriete-et-loi-carrez\/","name":"Copropri\u00e9t\u00e9, loi Carrez et division en volume - Cabinet Alexis Meunier - G\u00e9om\u00e8tre Expert","isPartOf":{"@id":"https:\/\/meunier-geometre-expert.fr\/#website"},"primaryImageOfPage":{"@id":"https:\/\/meunier-geometre-expert.fr\/index.php\/copropriete-et-loi-carrez\/#primaryimage"},"image":{"@id":"https:\/\/meunier-geometre-expert.fr\/index.php\/copropriete-et-loi-carrez\/#primaryimage"},"thumbnailUrl":"https:\/\/meunier-geometre-expert.fr\/wp-content\/uploads\/2024\/01\/Copro-1.jpg","datePublished":"2023-11-01T07:28:04+00:00","dateModified":"2024-01-11T14:32:30+00:00","breadcrumb":{"@id":"https:\/\/meunier-geometre-expert.fr\/index.php\/copropriete-et-loi-carrez\/#breadcrumb"},"inLanguage":"fr-FR","potentialAction":[{"@type":"ReadAction","target":["https:\/\/meunier-geometre-expert.fr\/index.php\/copropriete-et-loi-carrez\/"]}]},{"@type":"ImageObject","inLanguage":"fr-FR","@id":"https:\/\/meunier-geometre-expert.fr\/index.php\/copropriete-et-loi-carrez\/#primaryimage","url":"https:\/\/meunier-geometre-expert.fr\/wp-content\/uploads\/2024\/01\/Copro-1.jpg","contentUrl":"https:\/\/meunier-geometre-expert.fr\/wp-content\/uploads\/2024\/01\/Copro-1.jpg","width":759,"height":611},{"@type":"BreadcrumbList","@id":"https:\/\/meunier-geometre-expert.fr\/index.php\/copropriete-et-loi-carrez\/#breadcrumb","itemListElement":[{"@type":"ListItem","position":1,"name":"Accueil","item":"https:\/\/meunier-geometre-expert.fr\/"},{"@type":"ListItem","position":2,"name":"Copropri\u00e9t\u00e9, loi Carrez et division en volume"}]},{"@type":"WebSite","@id":"https:\/\/meunier-geometre-expert.fr\/#website","url":"https:\/\/meunier-geometre-expert.fr\/","name":"Cabinet Alexis Meunier - G\u00e9om\u00e8tre Expert","description":"Le cabinet Alexis Meunier, expert g\u00e9om\u00e8tre sur Luxeuil en Haute-Sa\u00f4ne, vous propose son savoir-faire pour tous vos projets.","publisher":{"@id":"https:\/\/meunier-geometre-expert.fr\/#organization"},"potentialAction":[{"@type":"SearchAction","target":{"@type":"EntryPoint","urlTemplate":"https:\/\/meunier-geometre-expert.fr\/?s={search_term_string}"},"query-input":{"@type":"PropertyValueSpecification","valueRequired":true,"valueName":"search_term_string"}}],"inLanguage":"fr-FR"},{"@type":"Organization","@id":"https:\/\/meunier-geometre-expert.fr\/#organization","name":"Cabinet Alexis Meunier - G\u00e9om\u00e8tre Expert","url":"https:\/\/meunier-geometre-expert.fr\/","logo":{"@type":"ImageObject","inLanguage":"fr-FR","@id":"https:\/\/meunier-geometre-expert.fr\/#\/schema\/logo\/image\/","url":"https:\/\/meunier-geometre-expert.fr\/wp-content\/uploads\/2023\/11\/cropped-Alexis-MEUNIER-logo-10_2023_blanc.png","contentUrl":"https:\/\/meunier-geometre-expert.fr\/wp-content\/uploads\/2023\/11\/cropped-Alexis-MEUNIER-logo-10_2023_blanc.png","width":912,"height":569,"caption":"Cabinet Alexis Meunier - G\u00e9om\u00e8tre Expert"},"image":{"@id":"https:\/\/meunier-geometre-expert.fr\/#\/schema\/logo\/image\/"}}]}},"_links":{"self":[{"href":"https:\/\/meunier-geometre-expert.fr\/index.php\/wp-json\/wp\/v2\/pages\/11","targetHints":{"allow":["GET"]}}],"collection":[{"href":"https:\/\/meunier-geometre-expert.fr\/index.php\/wp-json\/wp\/v2\/pages"}],"about":[{"href":"https:\/\/meunier-geometre-expert.fr\/index.php\/wp-json\/wp\/v2\/types\/page"}],"author":[{"embeddable":true,"href":"https:\/\/meunier-geometre-expert.fr\/index.php\/wp-json\/wp\/v2\/users\/1"}],"replies":[{"embeddable":true,"href":"https:\/\/meunier-geometre-expert.fr\/index.php\/wp-json\/wp\/v2\/comments?post=11"}],"version-history":[{"count":9,"href":"https:\/\/meunier-geometre-expert.fr\/index.php\/wp-json\/wp\/v2\/pages\/11\/revisions"}],"predecessor-version":[{"id":351,"href":"https:\/\/meunier-geometre-expert.fr\/index.php\/wp-json\/wp\/v2\/pages\/11\/revisions\/351"}],"wp:attachment":[{"href":"https:\/\/meunier-geometre-expert.fr\/index.php\/wp-json\/wp\/v2\/media?parent=11"}],"curies":[{"name":"wp","href":"https:\/\/api.w.org\/{rel}","templated":true}]}}